{"id":1139,"date":"2023-09-10T11:44:14","date_gmt":"2023-09-10T11:44:14","guid":{"rendered":"https:\/\/maramou.eu\/?page_id=1139"},"modified":"2023-11-11T00:25:26","modified_gmt":"2023-11-11T00:25:26","slug":"agb","status":"publish","type":"page","link":"https:\/\/maramou.eu\/en\/agb\/","title":{"rendered":"AGB"},"content":{"rendered":"<p><strong>Allgemeine Gesch\u00e4ftsbedingungen&nbsp;Maramou Online Shop Inhaber Marouane Mhirsi,<br>kreuz\u00e4ckerstr 3 85055 Ingolstadt, www.maramou.eu<\/strong><\/p><p><strong>1. Allgemeines<\/strong><\/p><p>(1) Diese Allgemeinen Gesch\u00e4ftsbedingungen (AGB) gelten f\u00fcr alle Angebote und Leistungen betreffend die Internet-Plattform&nbsp;www.maramou.eu.&nbsp;Sofern der Kunde auf die Einbeziehung seiner eigenen Gesch\u00e4fts- oder Einkaufsbedingungen hinweist, wird diesen widersprochen.<br>(2) Individuelle Vertragsabreden haben Vorrang vor Allgemeinen Gesch\u00e4ftsbedingungen.<\/p><p><strong>2. Zustandekommen des Vertrages<\/strong><\/p><p>(1) Die Leistungsbeschreibungen auf unseren Internetseiten&nbsp;www.maramou.eu stellen noch keine Angebote zum Abschluss eines Kaufvertrages dar. Ein solches Angebot wird erst mit der Online-Bestellung des Kunden \u00fcber das Kontaktformular oder auf Grund einer telefonischen oder in Textform erfolgenden Bestellung abgegeben. Die anschlie\u00dfend von uns verschickte Best\u00e4tigung des Eingangs der Bestellung stellt noch keine Annahme dieses Angebotes dar. Der Kaufvertrag kommt erst zustande mit Zugang der Auftragsbest\u00e4tigung. Der Kunde ist an sein Angebot nicht mehr gebunden (dieses erlischt), falls wir ihm nicht binnen 5 Kalendertagen (gerechnet ab dem Eingang der Bestellung bei uns) die Annahmeerkl\u00e4rung \u00fcbermittelt haben.<\/p><p>(2) Ist eine dem Kunden versp\u00e4tet zugegangene Annahmeerkl\u00e4rung dergestalt abgesendet worden, dass sie bei regelm\u00e4\u00dfiger Bef\u00f6rderung ihm rechtzeitig zugegangen sein w\u00fcrde, und musste der Kunde dies erkennen, so hat er uns die Versp\u00e4tung unverz\u00fcglich nach dem Empfang der Erkl\u00e4rung anzuzeigen, sofern es nicht schon vorher geschehen ist. Verz\u00f6gert der Kunde die Absendung der Anzeige, so gilt die Annahme als nicht versp\u00e4tet. Im \u00dcbrigen gilt die versp\u00e4tete Annahme durch uns als ein neues Angebot zum Abschluss eines Kaufvertrages, das der Kunde durch ausdr\u00fcckliche Annahmeerkl\u00e4rung oder durch Entgegennahme der Ware annehmen kann.<\/p><p><strong>3. Rechtswahl<\/strong><\/p><p>Auf die vertraglichen Beziehungen zwischen den Kaufvertragsparteien findet das Recht der Bundesrepublik Deutschland Anwendung. Von dieser Rechtswahl ausgenommen sind die zwingenden Verbraucherschutzvorschriften des Landes, in dem der Kunde seinen gew\u00f6hnlichen Aufenthalt hat. Die Anwendung des UN-Kaufrechts (CSIG) ist ausgeschlossen.<\/p><p><strong>4. Preise, Zahlung, Lieferung, Versandkosten<\/strong><\/p><p>(1) In der Verg\u00fctung ist die zum Zeitpunkt der Bestellung jeweils g\u00fcltige Umsatzsteuer (Mehrwertsteuer) enthalten.<br>(2) Bei Vertragsschl\u00fcssen bieten wir folgende Zahlungsm\u00f6glichkeiten an:<\/p><p>I. F\u00fcr Lieferungen innerhalb Deutschlands:&nbsp;&nbsp;&nbsp;&nbsp;&nbsp;<\/p><p>1. Vorauskasse per<\/p><ul class=\"wp-block-list\"><li>Direct bank transfer<\/li>\n\n<li>Kreditkarte<\/li>\n\n<li>PayPal<\/li><\/ul><p>2. Rechnungskauf ( Payone)<\/p><p>3. Zahlung mittels Kreditkarte<\/p><p>II. F\u00fcr Lieferungen ins Ausland:<\/p><p>Vorauskasse per<\/p><ul class=\"wp-block-list\"><li>Direct bank transfer<\/li>\n\n<li>Kreditkarte<\/li>\n\n<li>PayPal<\/li><\/ul><p>III. Zus\u00e4tzlich ist nach Absprache auch die Abholung unserer Ware in unserem Lager gegen Barzahlung m\u00f6glich (Lagerstandort: kreuz\u00e4ckerstr 3, 85055 Ingolstadt).<\/p><p>(3) Alle Artikel werden innerhalb Deutschlands und nach folgende Europ\u00e4ische L\u00e4nder ausgeliefert<a href=\"https:\/\/www.simandra-shop.de\/agb#_msocom_1\">[S1]<\/a>&nbsp;: Frankreich, \u00d6sterreich, Belgien, Bulgarien, D\u00e4nemark, Estland, Finnland, Griechenland, Irland, Italien, Kroatien, Lettland, Litauen, Luxemburg, Malta, Niederlande, Polen, Portugal, Rum\u00e4nien, Schweden, Slowakei, Slowenien, Spanien, Tschechien, Ungarn, Zypern, Gro\u00dfbritannien, Island, Lichtenstein, Norwegen, Schweiz.<\/p><p>(4) Die Lieferung erfolgt entweder per DHL, Post oder \u00fcber eine Spedition.<\/p><p>(5) Die Versandkosten finden Sie in der Schaltfl\u00e4che \u201eVersand und Zahlungsbedingungen\u201c in der Navigation sowie bei den Waren-Pr\u00e4sentationen.<\/p><p><strong>5. Fernabsatzrechtliche Informationen<\/strong><\/p><p>(1) Die Beschreibung der Waren ergibt sich aus der Pr\u00e4sentation im Internet unter&nbsp;www.maramou.eu.<\/p><p>(2) Die Belehrungen \u00fcber Ihr gesetzliches Widerrufsrecht als Verbraucher, Ausnahmen vom Widerrufsrecht, dessen vorzeitiges Erl\u00f6schen, das Widerrufsformular, die Folgen des Widerrufs, z. B. R\u00fccksendung, R\u00fccksendekosten und Wertersatz, finden Sie unter dem Men\u00fcpunkt \u201eWiderrufsbelehrung\u201c.<\/p><p>(3) Die Lieferung erfolgt sp\u00e4testens innerhalb von 5 Arbeitstagen (Montag bis Freitag, Feiertage ausgenommen) nach Erteilung des Zahlungsauftrags an das \u00fcberweisende Kreditinstitut (bei Vorkasse) bzw. nach Vertragsschluss (bei Nachnahme oder Rechnungskauf).<\/p><p>(4) Wir erbringen keine Kundendienstleistungen, insbesondere keinen Kundendienst, und gew\u00e4hren selbst keine Garantien.<\/p><p>(5) Ein au\u00dfergerichtliches Beschwerde- oder Rechtsbehelfsverfahren, dem wir unterworfen sind, gibt es nicht.<\/p><p>(6) Alle weiteren Informationen zu unserem Unternehmen, dem Angebot und der Abwicklung des Kaufs ergeben sich aus den Darstellungen auf unserer Webseite.<\/p><p><strong>6. Verbraucherstreitbeilegungsverfahren<\/strong><\/p><p>Seit dem 09.01.2016 ist die Verordnung (EU) Nr. 524\/2013 (ODR-Verordnung) in Kraft \u00fcber die Online-Streitbeilegung in Verbraucherangelegenheiten. Sie gilt f\u00fcr die au\u00dfergerichtliche Streitbeilegung von Streitigkeiten \u00fcber vertragliche Verpflichtungen aus Online-Kaufvertr\u00e4gen oder Online-Dienstleistungsvertr\u00e4gen zwischen Verbrauchern und Online-H\u00e4ndlern und bezweckt die Erreichung eines hohen Verbraucherschutzniveaus im europ\u00e4ischen Binnenmarkt. Mit der M\u00f6glichkeit einer Online-Streitbeilegung (OS) soll eine einfache, effiziente, schnelle und kosteng\u00fcnstige au\u00dfergerichtliche L\u00f6sung f\u00fcr Streitigkeiten angeboten werden. Die OS-Plattform leitet ordnungsgem\u00e4\u00df gestellte Beschwerden an die (nach nationalem Recht) zust\u00e4ndigen AS-Stellen (Au\u00dfergerichtliche Streitbeilegung) weiter. Die Nutzung der OS-Plattform selbst ist kostenlos, in Verfahren vor den AS-Stellen k\u00f6nnen dem Verbraucher ggf. Kosten (bis zu 30,00 EUR) entstehen, falls sein Antrag rechtsmissbr\u00e4uchlich ist.<br>Link zur OS-Plattform der EU-Kommission:&nbsp;<a rel=\"noreferrer noopener\" href=\"https:\/\/ec.europa.eu\/consumers\/odr\/main\/index.cfm?event=main.home2.show&amp;lng=DE\" target=\"_blank\">https:\/\/ec.europa.eu\/consumers\/odr<\/a><br>Unsere E-Mailadresse lautet: support@maramou.eu<\/p><p><strong>7. Informationen zum elektronischen Gesch\u00e4ftsverkehr<\/strong><\/p><p>(1) Technische Schritte zum Vertragsschluss<br>Siehe dazu die die Erl\u00e4uterungen in Ziffer 2 unserer AGB.<\/p><p>(2) Vertragstextspeicherung \/ Ausdruck<\/p><p>Der Kunde kann den Vertragstext abspeichern, indem er durch die Funktion seines Browsers \u201eSpeichern unter\u201c die betreffende Internetseite auf seinem Computer sichert. Durch die Druckfunktion seines Browsers hat er zudem die M\u00f6glichkeit, den Vertragstext auszudrucken. Wir selbst speichern die Vertragstexte und machen dem Kunden diese auf Wunsch per Email oder per Post zug\u00e4nglich.<\/p><p>(3) Korrekturm\u00f6glichkeit<\/p><p>Seine Eingaben kann der Kunde w\u00e4hrend des Bestellvorgangs jederzeit korrigieren, indem er den Button \u201eZur\u00fcck\u201c im Browser w\u00e4hlt und dann die entsprechende \u00c4nderung vornimmt. Durch Schlie\u00dfen des Webbrowsers kann der Kunde den gesamten Bestellvorgang jederzeit abbrechen. Weiterhin bietet auch die Bestell\u00fcbersicht vor Absenden der Online-Bestellung noch eine zus\u00e4tzliche Korrekturm\u00f6glichkeit, auf die der Kunde hingewiesen wird.<\/p><p>(4) Sprache<\/p><p>Die f\u00fcr den Vertragsabschluss zur Verf\u00fcgung stehende Sprache ist ausschlie\u00dflich Deutsch.<\/p><p>(5) Verhaltenskodex<\/p><p>Wir haben uns keinem besonderen Verhaltenskodex (Regelwerk) unterworfen.<\/p><p><strong>8. Gew\u00e4hrleistung&nbsp;<\/strong><\/p><p>Es besteht ein gesetzliches M\u00e4ngelhaftungsrecht f\u00fcr Waren.<\/p><p><strong>9. Eigentumsvorbehalt<\/strong><\/p><p>1. Wir behalten uns das Eigentum an dem gelieferten Gegenstand bis zum Eingang aller Zahlungen aus dem Kaufvertrag vor. Kommt der K\u00e4ufer seinen vertraglichen Pflichten nicht nach, insbesondere im Fall des Zahlungsverzugs, sind wir berechtigt, den gelieferten Gegenstand heraus zu verlangen; der K\u00e4ufer ist in diesem Falle zur Herausgabe des Gegenstands verpflichtet.<br>2. Der K\u00e4ufer ist verpflichtet, uns bei Pf\u00e4ndungen bez\u00fcglich des Kaufgegenstands oder sonstiger diesbez\u00fcglicher Zugriffe oder Zugriffsversuche Dritter bez\u00fcglich des Kaufgegenstands unverz\u00fcglich zu benachrichtigen, damit wir unsere Rechte aus dem Eigentumsvorbehalt wahrnehmen k\u00f6nnen.<\/p><p><strong>10. Hinweis zum Batteriegesetz (BattG)<\/strong><\/p><p>Falls das Angebot Akkus oder Batterien umfasst, sind Sie gesetzlich verpflichtet, gebrauchte Batterien oder Akkus gesondert zu entsorgen. Bitte geben Sie diese an einer kommunalen Sammelstelle oder im Handel vor Ort ab. Batterien und Akkus, die sie von uns erhalten haben, k\u00f6nnen Sie bei uns unentgeltlich zur\u00fcckgeben. Batterien oder Akkus, die Schadstoffe enthalten, sind mit dem Symbol einer durchgestrichenen M\u00fclltonne und dem chemischen Symbol des jeweiligen Schadstoffes (z.B. \u201eCd\u201c f\u00fcr Cadmium, \u201ePb\u201c f\u00fcr Blei, \u201eHg\u201c f\u00fcr Quecksilber) gekennzeichnet. Sie finden diese Hinweise auch noch einmal in den Begleitpapieren der Warensendung.<\/p><p><strong>11. Transportsch\u00e4den<\/strong><\/p><p>(1) Werden Waren mit offensichtlichen Transportsch\u00e4den angeliefert, so reklamieren Sie solche Fehler bitte sofort bei dem Zusteller und nehmen Sie bitte&nbsp;schnellstm\u00f6glich Kontakt mit uns auf.<br>(2) Die Vers\u00e4umung einer Reklamation oder Kontaktaufnahme hat f\u00fcr Ihre gesetzlichen Gew\u00e4hrleistungsanspr\u00fcche keinerlei Konsequenzen. Sie helfen uns aber, unsere eigenen Anspr\u00fcche gegen\u00fcber dem Frachtf\u00fchrer bzw. dem Transportversicherer geltend machen zu k\u00f6nnen.<\/p><p><strong>12. Datenschutz<\/strong><\/p><p>Die Datenschutzerkl\u00e4rung zur Umsetzung der datenschutzrechtlichen Vorgaben finden Sie in der gesondert vorgehaltenen Datenschutzerkl\u00e4rung.<\/p><p><strong>13. Urheberrechtshinweis<\/strong><\/p><p>Die auf unseren Internetseiten eingestellten Fotos und die von uns erstellten Texte sind urheberrechtlich gesch\u00fctzt. Das unbefugte Kopieren und Ver\u00f6ffentlichen hiervon (auch nur auszugsweise) wird gem. \u00a7 97 UrhG strafrechtlich und zivilrechtlich verfolgt.<\/p><p><strong>14. Salvatorische Klausel&nbsp;<\/strong><\/p><p>Sollten einzelne Bestimmungen des Vertrages mit dem Kunden einschlie\u00dflich dieser AGB ganz oder teilweise unwirksam sein bzw. unwirksam werden oder die Vereinbarungen eine L\u00fccke enthalten, so wird hierdurch die G\u00fcltigkeit der \u00fcbrigen Bestimmungen nicht ber\u00fchrt.<\/p><p>Ingolstadt, den 01.12.2023<\/p>","protected":false},"excerpt":{"rendered":"<p>Allgemeine Gesch\u00e4ftsbedingungen&nbsp;Maramou Online Shop Inhaber Marouane Mhirsi,kreuz\u00e4ckerstr 3 85055 Ingolstadt, www.maramou.eu 1. Allgemeines (1) Diese Allgemeinen Gesch\u00e4ftsbedingungen (AGB) gelten f\u00fcr alle Angebote und Leistungen betreffend die Internet-Plattform&nbsp;www.maramou.eu.&nbsp;Sofern der Kunde auf die Einbeziehung seiner eigenen Gesch\u00e4fts- oder Einkaufsbedingungen hinweist, wird diesen widersprochen.(2) Individuelle Vertragsabreden haben Vorrang vor Allgemeinen Gesch\u00e4ftsbedingungen. 2. Zustandekommen des Vertrages (1) Die Leistungsbeschreibungen [&hellip;]<\/p>","protected":false},"author":1,"featured_media":0,"parent":0,"menu_order":0,"comment_status":"closed","ping_status":"closed","template":"","meta":{"footnotes":""},"class_list":["post-1139","page","type-page","status-publish","hentry"],"blocksy_meta":[],"_links":{"self":[{"href":"https:\/\/maramou.eu\/en\/wp-json\/wp\/v2\/pages\/1139","targetHints":{"allow":["GET"]}}],"collection":[{"href":"https:\/\/maramou.eu\/en\/wp-json\/wp\/v2\/pages"}],"about":[{"href":"https:\/\/maramou.eu\/en\/wp-json\/wp\/v2\/types\/page"}],"author":[{"embeddable":true,"href":"https:\/\/maramou.eu\/en\/wp-json\/wp\/v2\/users\/1"}],"replies":[{"embeddable":true,"href":"https:\/\/maramou.eu\/en\/wp-json\/wp\/v2\/comments?post=1139"}],"version-history":[{"count":3,"href":"https:\/\/maramou.eu\/en\/wp-json\/wp\/v2\/pages\/1139\/revisions"}],"predecessor-version":[{"id":1509,"href":"https:\/\/maramou.eu\/en\/wp-json\/wp\/v2\/pages\/1139\/revisions\/1509"}],"wp:attachment":[{"href":"https:\/\/maramou.eu\/en\/wp-json\/wp\/v2\/media?parent=1139"}],"curies":[{"name":"wp","href":"https:\/\/api.w.org\/{rel}","templated":true}]}}