{"id":1193,"date":"2023-09-10T13:44:33","date_gmt":"2023-09-10T13:44:33","guid":{"rendered":"https:\/\/maramou.eu\/?page_id=1193"},"modified":"2023-09-10T13:51:01","modified_gmt":"2023-09-10T13:51:01","slug":"datenschutzerklarung","status":"publish","type":"page","link":"https:\/\/maramou.eu\/en\/datenschutzerklarung\/","title":{"rendered":"Datenschutzerkl\u00e4rung"},"content":{"rendered":"<p><strong>Datenschutzhinweise<\/strong><\/p><p>Wir nehmen den Schutz Ihrer pers\u00f6nlichen Daten ernst und halten uns an die Regeln der jeweils geltenden Datenschutzgesetze, insbesondere EU-Datenschutzgrundverordnung (EU-DSGVO) und Bundesdatenschutzgesetz (BDSG), sowie dieser Datenschutzhinweise. Wir verarbeiten personenbezogene Daten unserer Nutzer nur, soweit diese zur Bereitstellung einer funktionsf\u00e4higen Website sowie unserer Inhalte, Leistungen, Angebote etc. erforderlich sind.<\/p><p>Personenbezogene Daten sind alle Informationen, die sich auf eine identifizierte oder identifizierbare nat\u00fcrliche Person beziehen.<br>Die Datenschutzhinweise geben Ihnen einen \u00dcberblick dar\u00fcber, welche Art von personenbezogenen Daten zu welchem Zweck verarbeitet werden. Ferner wird in diesen Datenschutzhinweisen angegeben, wie wir den Schutz Ihrer personenbezogenen Daten sicherstellen.<\/p><p><strong>1. Name und Kontaktdaten des f\u00fcr die Verarbeitung Verantwortlichen<\/strong><\/p><p>Diese Datenschutz-Information gilt f\u00fcr die Datenverarbeitung durch den folgenden Verantwortlichen:<\/p><p>MARAMOU ONLINE SHOP INH.: Marouane Mhirsi<br> kreuz\u00e4ckerstr 3<br>85055 Ingolstadt<\/p><p>Telefon: (+49) 15228027230<br>Telefax: (+49) 15228027230<\/p><p>E-Mail:\u00a0<a href=\"mailto:support@maramou.eu\">support@maramou.eu<\/a><br>Website:\u00a0<a href=\"https:\/\/maramou.eu\/en\/\">www.maramou.eu<\/a><\/p><p><strong>2. Erhebung und Speicherung personenbezogener Daten sowie Art und Zweck von deren Verwendung<\/strong><\/p><p><strong>a) Bei dem Besuch unserer Website<\/strong><\/p><p>Sie k\u00f6nnen unsere Website www.maramou.eu besuchen, ohne dass Sie uns Informationen zu Ihrer Person (wer Sie sind) mitteilen m\u00fcssen.<\/p><p>Bei einer solchen rein informatorischen Nutzung unserer Website, d.h., wenn Sie sich nicht registrieren oder uns anderweitig Informationen zu Ihrer Person \u00fcbermitteln, erheben wir nur die personenbezogenen Daten, die Ihr Browser an unseren Server \u00fcbermittelt. Bei einem Aufrufen unserer Website www.simandra-shop.de&nbsp;werden durch den auf Ihrem Endger\u00e4t zum Einsatz kommenden Browser automatisch Informationen an den Server unserer Website gesendet. Diese Informationen werden tempor\u00e4r in einem sog. Logfile gespeichert. Folgende Informationen werden dabei ohne Ihr Zutun erfasst und bis zur automatisierten L\u00f6schung gespeichert:<\/p><ul class=\"wp-block-list\"><li>IP-Adresse des anfragenden Rechners,<\/li>\n\n<li>Datum und Uhrzeit des Zugriffs,<\/li>\n\n<li>Name und URL der abgerufenen Datei,<\/li>\n\n<li>Website, von der aus dem Zugriff erfolgt (Referrer-URL),<\/li>\n\n<li>verwendeter Browser und ggf. das Betriebssystem Ihres Rechners sowie der Name Ihres Access-Providers, Sprache und Version der Browsersoftware<\/li><\/ul><p>Die genannten Daten werden durch uns zu folgenden Zwecken verarbeitet:<\/p><ul class=\"wp-block-list\"><li>Gew\u00e4hrleistung eines reibungslosen Verbindungsaufbaus der Website,<\/li>\n\n<li>Gew\u00e4hrleistung einer komfortablen Nutzung unserer Website,<\/li>\n\n<li>Auswertung der Systemsicherheit und -stabilit\u00e4t sowie<\/li>\n\n<li>zu weiteren administrativen Zwecken.<\/li><\/ul><p>Die Rechtsgrundlage f\u00fcr die Datenverarbeitung ist Art.&nbsp;6 Abs.&nbsp;1 S.&nbsp;1 lit.&nbsp;f) EU-DSGVO. Unser berechtigtes Interesse folgt aus oben aufgelisteten Zwecken zur Datenerhebung. In keinem Fall verwenden wir die erhobenen Daten zu dem Zweck, R\u00fcckschl\u00fcsse auf Ihre Person zu ziehen.<br>Dar\u00fcber hinaus setzen wir beim Besuch unserer Website Cookies ein. Cookies richten auf Ihrem Rechner keinen Schaden an und enthalten keine Viren. N\u00e4here Erl\u00e4uterungen dazu erhalten Sie unter der Ziffer 5 dieser Datenschutzhinweise.<\/p><p><strong>b) Bei Nutzung unseres Webshops<\/strong><\/p><p>Bei Nutzung unseres Webshops, z.B. durch die Abgabe Ihrer Angebote, durch Ihre Annahme unserer Angebote, durch Ihre Registrierung oder durch sonstige Kommunikation, verarbeiten wir die von Ihnen angegebenen personenbezogenen Daten ausschlie\u00dflich zu dem Zweck der Vertragsanbahnung oder Vertragserf\u00fcllung.<\/p><p>Die Rechtsgrundlage f\u00fcr die Datenverarbeitung ist Art.&nbsp;6 Abs.&nbsp;1 S.&nbsp;1 lit.&nbsp;b) EU-DSGVO. Hiernach ist die Datenverarbeitung zum Abschluss oder zur Erf\u00fcllung eines Vertrages, dessen Vertragspartei die betroffene Person ist, oder zur Durchf\u00fchrung vorvertraglicher Ma\u00dfnahmen, die auf Anfrage der betroffenen Person erfolgen, erforderlich.<\/p><p>Bei der Nutzung unseres Webshops werden folgende von Ihnen \u00fcbermittelten personenbezogenen Daten von uns verarbeitet:<\/p><ul class=\"wp-block-list\"><li>Vor- und Nachname (bei Unternehmen: Firma)<\/li>\n\n<li>Anschrift<\/li>\n\n<li>Telefonnummer (Festnetznummer und\/oder Mobilfunknummer)<\/li>\n\n<li>Telefaxnummer (nur sofern vorhanden)<\/li>\n\n<li>E-Mail-Adresse<\/li>\n\n<li>IBAN (nur sofern zur Abwicklung der Zahlungen erforderlich)<\/li>\n\n<li>Kreditkartennummer nebst Pr\u00fcfziffer (nur sofern zur Abwicklung der Zahlungen erforderlich)<\/li><\/ul><p>Die Verarbeitung dieser Daten erfolgt zu dem Zweck der Erf\u00fcllung der vertraglichen Verpflichtungen, insbesondere zur Versendung der Ware, zur Abwicklung der Bezahlung inkl. Rechnungsstellung, zur Bearbeitung evtl. Gew\u00e4hrleistungsanspr\u00fcche sowie zu jedweder jeweils damit zusammenh\u00e4ngender Korrespondenz mit Ihnen.<\/p><p>Sie k\u00f6nnen ferner freiwillig ein Kundenkonto anlegen, in dem wir Ihre personenbezogenen Daten f\u00fcr sp\u00e4tere weitere Eink\u00e4ufe speichern k\u00f6nnen. Bei Anlegung eines Accounts unter \u201eMein Konto\u201c werden die dort von Ihnen angegebenen Daten widerruflich gespeichert. Alle weiteren Daten, inklusive Ihres Nutzerkontos, k\u00f6nnen Sie im Kundenbereich stets l\u00f6schen.<\/p><p>Sofern Sie uns im Rahmen der Nutzung des Webshops die ausdr\u00fcckliche Einwilligung (Art.&nbsp;6 Abs.&nbsp;1 S.&nbsp;1 lit.&nbsp;a) EU-DSGVO) erteilen, f\u00fchren wir eine Bonit\u00e4tsabfrage durch, um Ihnen bereits im Bestellvorgang alle f\u00fcr Ihre Bestellung verf\u00fcgbaren Zahlungsarten anbieten zu k\u00f6nnen. Im Rahmen der Bonit\u00e4tspr\u00fcfung werden Ihre personenbezogenen Daten an PS Payone&nbsp;\u00fcbermittelt.<\/p><p><strong>c) Bei Nutzung unseres Kontaktformulars<\/strong><\/p><p>Damit Sie uns Ihre Fragen, Anmerkungen, Kommentare etc.&nbsp; zusenden k\u00f6nnen, haben wir auf der Website ein Kontaktformular bereitgestellt. F\u00fcr dessen Nutzung sind die Angabe Ihrer E-Mail-Adresse und Ihres Namens zwingend erforderlich, damit wir wissen, wem wir antworten m\u00fcssen; weitere Angaben k\u00f6nnen Sie freiwillig machen.<\/p><p>Die Rechtsgrundlage f\u00fcr die Datenverarbeitung ist Ihre freiwillig erteilte Einwilligung (Art.&nbsp;6 Abs.&nbsp;1 S.&nbsp;1 lit.&nbsp;a) EU-DSGVO).<br>Die f\u00fcr die Benutzung des Kontaktformulars von uns erhobenen personenbezogenen Daten werden nach Erledigung der von Ihnen gestellten Anfrage gel\u00f6scht.<\/p><p><strong>d) Bei Anmeldung f\u00fcr unseren Newsletter<\/strong><\/p><p>Sofern Sie ausdr\u00fccklich eingewilligt haben (Art.&nbsp;6 Abs.&nbsp;1 S.&nbsp;1 lit.&nbsp;a) EU-DSGVO), k\u00f6nnen Sie unseren Newsletter beziehen, in dem wir Sie \u00fcber aktuelle Angebote aus dem Bereich der Waren und\/oder Dienstleistungen informieren. Die in dem Newsletter beworbenen Waren und\/oder Dienstleistungen sind in der Einwilligungserkl\u00e4rung benannt. Pflichtangabe f\u00fcr den Erhalt des Newsletters ist ausschlie\u00dflich Ihre E-Mail-Adresse. Die Angabe weiterer, gesondert markierter Daten ist freiwillig und wird verwendet, um Sie pers\u00f6nlich ansprechen zu k\u00f6nnen.<\/p><p>F\u00fcr die Anmeldung zu unserem Newsletter verwenden wir das sog. Double-Opt-In-Verfahren. Dies bedeutet, dass wir Ihnen nach Ihrer Anmeldung eine E-Mail-Nachricht an die angegebene E-Mail-Adresse senden, in welcher wir Sie um Best\u00e4tigung bitten, dass Sie den Versand des Newsletters w\u00fcnschen. Wenn Sie Ihre Anmeldung nicht innerhalb von 24&nbsp;Stunden best\u00e4tigen, werden Ihre Informationen gesperrt und nach einem Monat automatisch gel\u00f6scht. Dar\u00fcber hinaus speichern wir jeweils Ihre eingesetzten IP-Adressen und Zeitpunkte der Anmeldung und Best\u00e4tigung. Zweck des Verfahrens ist, Ihre Anmeldung nachweisen und ggf. einen m\u00f6glichen Missbrauch Ihrer pers\u00f6nlichen Daten aufkl\u00e4ren zu k\u00f6nnen.<\/p><p>Die Rechtsgrundlage f\u00fcr diese Datenverarbeitung ist Ihre freiwillig erteilte Einwilligung (Art.&nbsp;6 Abs.&nbsp;1 S.&nbsp;1 lit.&nbsp;a) EU-DSGVO).<br>Ihre Einwilligung in die \u00dcbersendung des Newsletters k\u00f6nnen Sie jederzeit widerrufen und den Newsletter abbestellen. Zu diesem Zweck k\u00f6nnen Sie Ihren Abmeldewunsch per E-Mail-Nachricht an die E-Mail-Adresse info@simandra-shop.de senden.<\/p><p><strong>e) Verarbeitung aufgrund berechtigter Interessen<\/strong><\/p><p>Soweit dies f\u00fcr unsere Gesch\u00e4ftszwecke erforderlich ist, verarbeiten wir Ihre Daten \u2013 abgesehen von der Vertragsanbahnung oder Vertragserf\u00fcllung sowie einer von Ihnen ausdr\u00fccklich erteilten Einwilligung \u2013 zur Wahrung berechtigter Interessen unseres Unternehmens, es sei denn, dass eine Abw\u00e4gung im Einzelfall ergibt, dass Ihre berechtigten Grundrechte und Grundfreiheiten, die den Schutz personenbezogener Daten erfordern, \u00fcberwiegen (vgl. Art 6 Abs. 1 lit. f) EU-DSGVO). Zu berechtigten Interessen unseres Unternehmens geh\u00f6rt:<\/p><ul class=\"wp-block-list\"><li>Direktwerbung, es sei denn, dass Sie der Nutzung Ihrer personenbezogenen Daten widersprochen haben.<\/li><\/ul><p><strong>f) Bei Nutzung unseres Kommentarformulars<\/strong><\/p><p>Damit Sie uns Ihre Kommentare zusenden k\u00f6nnen, haben wir auf unserer Website ein Kommentarformular bereitgestellt.<\/p><p>F\u00fcr dessen Nutzung sind die Angabe Ihrer E-Mail-Adresse und Ihres Namens zwingend erforderlich; Angaben zu Ihrer Website k\u00f6nnen Sie freiwillig bereitstellen. Ihr Name, Ihr Kommentartext und die ggf. von Ihnen abgegebene Website werden auf unserer Website ver\u00f6ffentlicht.<\/p><p>Die Rechtsgrundlage f\u00fcr diese Datenverarbeitung ist Art. 6 Abs. 1 S. 1 lit. f) EU-DSGVO. Unser berechtigtes Interesse folgt zum einen aus dem Ziel, Nutzern unserer Webseite die M\u00f6glichkeit der Kommentierung unserer Beitr\u00e4ge geben, zum anderen daraus, um durch Verarbeitung der Pflichtangaben einen Missbrauch unserer Kommentarfunktion zu verhindern und um mit Ihnen in Kontakt treten zu k\u00f6nnen, sofern Dritte den Inhalt des von Ihnen erstellten und ver\u00f6ffentlichten Kommentars als rechtsverletzend beanstanden sollten.<\/p><p>Bei Bereitstellung eines Kommentars werden ferner Ihre IP-Adresse sowie der Zeitpunkt (Datum und Uhrzeit) der Versendung des Kommentars verarbeitet.<br>Die Rechtsgrundlage f\u00fcr diese Datenverarbeitung ist Art. 6 Abs. 1 S. 1 lit. f) EU-DSGVO. Unser berechtigtes Interesse folgt aus dem Ziel, einen Missbrauch unserer Kommentarfunktion zu verhindern.<br>Ihre personenbezogenen Daten werden solange verarbeitet werden, wie die Kommentarfunktion bereitgestellt und Ihr Kommentar dort ver\u00f6ffentlicht wird.<\/p><p><strong>3. Weitergabe von Daten an Dritte<\/strong><\/p><p>Eine \u00dcbermittlung Ihrer personenbezogenen Daten an Dritte zu anderen als den im Folgenden aufgef\u00fchrten Zwecken findet nicht statt. Insbesondere erfolgt, ohne Ihre ausdr\u00fcckliche Einwilligung, keine Weitergabe an Dritte, z.B. zu Zwecken der Werbung.<\/p><p>Wir geben Ihre pers\u00f6nlichen Daten nur an Dritte weiter, wenn:<\/p><ul class=\"wp-block-list\"><li>Sie Ihre nach Art.&nbsp;6 Abs.&nbsp;1 S.&nbsp;1 lit.&nbsp;a) EU-DSGVO ausdr\u00fcckliche Einwilligung dazu erteilt haben;<\/li>\n\n<li>dies nach Art.&nbsp;6 Abs.&nbsp;1 S.&nbsp;1 lit.&nbsp;b) EU-DSGVO f\u00fcr die Abwicklung von Vertragsverh\u00e4ltnissen mit Ihnen erforderlich ist, z.B. an Kreditinstitute zur Abwicklung der vertraglich vereinbarten Zahlungen, an Versand- und Transportunternehmen zu Zwecken des Warentransportes inkl. der Sendungsverfolgung, bei Nichterf\u00fcllung von vertraglich vereinbarten Zahlungen zu Zwecken der Rechtsdurchsetzung an Rechtsanw\u00e4lte und Rechtsdienstleistungsunternehmen;<\/li>\n\n<li>f\u00fcr den Fall, dass f\u00fcr die Weitergabe nach Art.&nbsp;6 Abs.&nbsp;1 S.&nbsp;1 lit.&nbsp;c) EU-DSGVO eine gesetzliche Verpflichtung besteht; oder<\/li>\n\n<li>die Weitergabe nach Art.&nbsp;6 Abs.&nbsp;1 S.&nbsp;1 lit.&nbsp;f) EU-DSGVO zur Geltendmachung, Aus\u00fcbung oder Verteidigung von Rechtsanspr\u00fcchen erforderlich ist und kein Grund zur Annahme besteht, dass Sie ein \u00fcberwiegendes schutzw\u00fcrdiges Interesse an der Nichtweitergabe Ihrer Daten haben.<\/li><\/ul><p><strong>4. Cookies<\/strong><\/p><p>Wir setzen auf unserer Seite Cookies ein. Hierbei handelt es sich um kleine Textdateien, die \u00fcber Ihren Internetbrowser automatisch erstellt und die auf Ihrem Endger\u00e4t (z.B. PC, Laptop, Tablet, Smartphone o.\u00e4.) gespeichert werden, wenn Sie unsere Seite besuchen. Cookies richten auf Ihrem Endger\u00e4t keinen Schaden an, enthalten keine Viren, Trojaner oder sonstige Schadsoftware. In dem Cookie werden Informationen abgelegt, die sich jeweils im Zusammenhang mit dem spezifisch eingesetzten Endger\u00e4t ergeben. Dies bedeutet jedoch nicht, dass wir dadurch unmittelbar Kenntnis von Ihrer Identit\u00e4t erhalten.<\/p><p>Der Einsatz von Cookies dient u.a. dazu, die Nutzung unseres Angebots f\u00fcr Sie angenehmer zu gestalten. So setzen wir Cookies ein, um zu erkennen, ob Sie einzelne Seiten unserer Website bereits besucht haben. Diese werden nach Verlassen unserer Seite automatisch gel\u00f6scht. Dar\u00fcber hinaus setzen wir zur Optimierung der Benutzerfreundlichkeit Cookies ein, die f\u00fcr einen bestimmten festgelegten Zeitraum auf Ihrem Endger\u00e4t gespeichert werden. Besuchen Sie unsere Seite erneut, um unsere Dienste in Anspruch zu nehmen, wird automatisch erkannt, ob Sie bereits bei uns waren und welche Eingaben und Einstellungen sie get\u00e4tigt haben, um diese nicht noch einmal eingeben zu m\u00fcssen.<\/p><p>Es ist zu unterscheiden zwischen Cookies, die unbedingt erforderlich sind, um die Dienste auf dieser Website zur Verf\u00fcgung zu stellen (notwendige Cookies), und solchen, die hierf\u00fcr nicht unbedingt erforderlich sind (nicht notwendige Cookies).<\/p><p>Ohne die Verwendung der notwendigen Cookies funktioniert diese Website nicht ordnungsgem\u00e4\u00df. Solche Cookies werden ausschlie\u00dflich von uns verwendet (sog. First Party Cookies) und s\u00e4mtliche Informationen, die in diesen Cookies gespeichert sind, werden nur an diese Website gesendet.<\/p><p>Notwendige Cookies werden unabh\u00e4ngig von der Erteilung Ihrer Einwilligung verwendet. Die Rechtsgrundlage f\u00fcr die Datenverarbeitung sind in diesem Fall unsere berechtigten Interessen, d.h., unser Interesse an der Analyse, Optimierung und dem wirtschaftlichen Betrieb unserer Website und unseren Leistungen (Art.&nbsp;6 Abs.&nbsp;1 S.&nbsp;1 lit.&nbsp;f) EU-DSGVO).<\/p><p>Von uns verwendete nicht notwendige Cookies lassen sich in die Kategorien Pr\u00e4ferenz, Statistik und Marketing unterteilen. Marketing-Cookies werden von externen Unternehmen verwendet (sog. Third Party Cookies), um Informationen \u00fcber die Ihnen besuchten Websites zu sammeln, um z. B. zielgruppenorientierte Werbung zu erstellen.<\/p><p>Nicht notwendige Cookies werden erst nach Erteilung Ihrer Einwilligung verwendet. Indem Sie in einem von uns auf dieser Website zur Verf\u00fcgung gestellten sog. Consent-Tool Ihre Einwilligung zur Verwendung der dort aufgef\u00fchrten und von Ihnen ausgew\u00e4hlten Cookies erteilt haben, stimmen Sie der Verwendung dieser Cookies zu. Die Rechtsgrundlage f\u00fcr die Datenverarbeitung ist in diesem Fall Ihre Einwilligung (Art.&nbsp;6 Abs.&nbsp;1 S.&nbsp;1 lit.&nbsp;a) EU-DSGVO).<\/p><p>Ihre Cookie Einstellungen k\u00f6nnen Sie jederzeit individuell anpassen, indem Sie im Consent-Tool einzelne Cookies \u2013 mit Ausnahme der notwendigen Cookies \u2013 aktivieren oder deaktivieren.<\/p><p>Sie k\u00f6nnen Ihren Webbrowser so einstellen, dass das Speichern von Cookies auf Ihrem Endger\u00e4t generell verhindert wird bzw. Sie jedes Mal gefragt werden, ob Sie mit dem Setzen von Cookies einverstanden ist. Einmal gesetzte Cookies k\u00f6nnen Sie jederzeit wieder l\u00f6schen. Wie dies funktioniert, wird in Hilfe-Funktion des jeweiligen Webbrowsers beschrieben.<\/p><p>Eine generelle Deaktivierung von Cookies kann evtl. zu Funktionseinschr\u00e4nkungen dieser Website f\u00fchren.<\/p><p><strong>5. Speicherdauer und Datenl\u00f6schung<\/strong><\/p><p>Ihre personenbezogenen Daten werden insbesondere gel\u00f6scht, sobald sie f\u00fcr die Zwecke, f\u00fcr die sie erhoben oder auf sonstige Weise verarbeitet wurden, nicht mehr notwendig sind (Art. 17 Abs. 1 lit. a) EU-DSGVO). Hiernach werden die Daten gel\u00f6scht, es sei denn, dass z.B. die Speicherung zur Erf\u00fcllung einer rechtlichen Verpflichtung, die die Verarbeitung nach dem Recht der Union oder der Mitgliedstaaten, dem der Verantwortliche unterliegt (Art. 17 Abs. 3 lit. b) EU-DSGVO), oder zur Geltendmachung, Aus\u00fcbung oder Verteidigung von Rechtsanspr\u00fcchen erforderlich ist (Art. 17 Abs. 3 lit. e) EU-DSGVO). Eine rechtliche Verpflichtung stellen die gesetzlichen Aufbewahrungspflichten dar, z.B. besteht nach \u00a7 147 Abs. 1 Nr. 4, Abs. 3 S. 1 AO eine Aufbewahrungsfrist von 10 Jahren bei Daten der Buchhaltung inkl. Bestellungs- und Zahlungsdaten sowie nach \u00a7 257 Abs. 1 Nr. 2, 3, Abs. 4 HGB eine Aufbewahrungsfrist von 6 Jahren bei Handelskorrespondenz, z.B. E-Mail-Nachrichten. W\u00e4hrend der Dauer der Aufbewahrungspflichten werden die Daten gesperrt, nach deren Ablauf erfolgt die L\u00f6schung.<\/p><p><strong>6. Betroffenenrechte<\/strong><\/p><p>Sie haben das Recht,<\/p><ul class=\"wp-block-list\"><li>gem\u00e4\u00df Art.&nbsp;7 Abs.&nbsp;3 EU-DSGVO Ihre einmal erteilte Einwilligung jederzeit gegen\u00fcber uns zu widerrufen. Dies hat zur Folge, dass wir die Datenverarbeitung, die auf dieser Einwilligung beruhte, f\u00fcr die Zukunft nicht mehr fortf\u00fchren d\u00fcrfen. Die Rechtm\u00e4\u00dfigkeit der bis zum Widerruf erfolgten Datenverarbeitung bleibt von Ihrem Widerruf unber\u00fchrt;<\/li>\n\n<li>gem\u00e4\u00df Art.&nbsp;15 EU-DSGVO Auskunft \u00fcber Ihre von uns verarbeiteten personenbezogenen Daten zu verlangen. Hierbei k\u00f6nnen Sie Auskunft \u00fcber die Verarbeitungszwecke, die Kategorie der personenbezogenen Daten, die Kategorien von Empf\u00e4ngern, gegen\u00fcber denen Ihre Daten offengelegt wurden oder werden, die geplante Speicherdauer, das Bestehen eines Rechts auf Berichtigung, L\u00f6schung, Einschr\u00e4nkung der Verarbeitung oder Widerspruch, das Bestehen eines Beschwerderechts, die Herkunft ihrer Daten, sofern diese nicht bei uns erhoben wurden, sowie \u00fcber das Bestehen einer automatisierten Entscheidungsfindung einschlie\u00dflich Profiling und ggf. aussagekr\u00e4ftigen Informationen zu deren Einzelheiten verlangen;<\/li>\n\n<li>gem\u00e4\u00df Art.&nbsp;16 EU-DSGVO unverz\u00fcglich die Berichtigung unrichtiger oder Vervollst\u00e4ndigung Ihrer bei uns gespeicherten personenbezogenen Daten zu verlangen;<\/li>\n\n<li>gem\u00e4\u00df Art.&nbsp;17 EU-DSGVO die L\u00f6schung Ihrer bei uns gespeicherten personenbezogenen Daten zu verlangen, soweit nicht die Verarbeitung zur Aus\u00fcbung des Rechts auf freie Meinungs\u00e4u\u00dferung und Information, zur Erf\u00fcllung einer rechtlichen Verpflichtung, aus Gr\u00fcnden des \u00f6ffentlichen Interesses oder zur Geltendmachung, Aus\u00fcbung oder Verteidigung von Rechtsanspr\u00fcchen erforderlich ist;<\/li>\n\n<li>gem\u00e4\u00df Art.&nbsp;18 EU-DSGVO die Einschr\u00e4nkung der Verarbeitung Ihrer personenbezogenen Daten zu verlangen, soweit die Richtigkeit der Daten von Ihnen bestritten wird, die Verarbeitung unrechtm\u00e4\u00dfig ist, Sie aber deren L\u00f6schung ablehnen und wir die Daten nicht mehr ben\u00f6tigen, Sie jedoch diese zur Geltendmachung, Aus\u00fcbung oder Verteidigung von Rechtsanspr\u00fcchen ben\u00f6tigen oder Sie gem\u00e4\u00df Art.&nbsp;21 DSGVO Widerspruch gegen die Verarbeitung eingelegt haben;<\/li>\n\n<li>gem\u00e4\u00df Art.&nbsp;20 EU-DSGVO Ihre personenbezogenen Daten, die Sie uns bereitgestellt haben, in einem strukturierten, g\u00e4ngigen und maschinenlesebaren Format zu erhalten oder die \u00dcbermittlung an einen anderen Verantwortlichen zu verlangen;<\/li>\n\n<li>gem\u00e4\u00df Art.&nbsp;77 EU-DSGVO sich bei einer Aufsichtsbeh\u00f6rde zu beschweren. Zust\u00e4ndige Aufsichtsbeh\u00f6rde ist der Landesdatenschutzbeauftragte des Bundeslandes, in dem unser Unternehmen seinen Sitz hat. Eine \u00dcbersicht zu den Landesdatenschutzbeauftragten nebst deren Kontaktdaten ist abrufbar unter&nbsp;<a href=\"https:\/\/www.bfdi.bund.de\/DE\/Service\/Anschriften\/Laender\/Laender-node.html;jsessionid=64736964E121D4AB2142314666AE645B.intranet242\">BFDI \u2013 Landesdatenschutzbeh\u00f6rden<\/a>.<\/li><\/ul><p><strong>7. Widerspruchsrecht<\/strong><\/p><p>Sofern Ihre personenbezogenen Daten auf Grundlage von berechtigten Interessen gem\u00e4\u00df Art.&nbsp;6 Abs.&nbsp;1 S.&nbsp;1 lit.&nbsp;f) EU-DSGVO verarbeitet werden, haben Sie das Recht, gem\u00e4\u00df Art.&nbsp;21 DSGVO Widerspruch gegen die Verarbeitung Ihrer personenbezogenen Daten einzulegen, soweit daf\u00fcr Gr\u00fcnde vorliegen, die sich aus Ihrer besonderen Situation ergeben. Im Falle Ihres begr\u00fcndeten Widerspruchs pr\u00fcfen wir die Sachlage und werden entweder die Datenverarbeitung einstellen bzw. anpassen oder Ihnen unsere zwingenden schutzw\u00fcrdigen Gr\u00fcnde aufzeigen, aufgrund derer wir die Verarbeitung fortf\u00fchren.<\/p><p>Sofern Ihre personenbezogene Daten von&nbsp; uns verarbeiten werden, um Direktwerbung zu betreiben, haben Sie das Recht, jederzeit Widerspruch gegen die Verarbeitung Ihrer personenbezogenen Daten zum Zwecke der Direktwerbung Werbung einzulegen.<\/p><p>M\u00f6chten Sie von Ihrem Widerrufs- oder Widerspruchsrecht Gebrauch machen, gen\u00fcgt eine E-Mail an die E-Mail-Adresse info@simandra-shop.de<\/p><p><strong>8. Datensicherheit<\/strong><\/p><p>Wir verwenden geeignete technische und organisatorische Sicherheitsma\u00dfnahmen, um Ihre Daten gegen zuf\u00e4llige oder vors\u00e4tzliche Manipulationen, teilweisen oder vollst\u00e4ndigen Verlust, Zerst\u00f6rung oder gegen den unbefugten Zugriff Dritter zu sch\u00fctzen. Unsere Sicherheitsma\u00dfnahmen werden entsprechend der technologischen Entwicklung fortlaufend verbessert.<\/p><p>Wir verwenden ferner innerhalb Ihres Website-Besuchs eine SSL- bzw. TLS-Verschl\u00fcsselung (SSL = Secure Sockets Layer; TLS = Transport Layer Security; SSL ist die vorherige Bezeichnung von TLS). Die entsprechend verschl\u00fcsselte Verbindung erkennen Sie an dem Pr\u00e4fix \u201ehttps:\/\/\u201c in der Adresszeile des Browsers sowie an dem der Browserzeile vorstehenden Schloss-Symbol.<\/p><p><strong>9. Stand und eventuelle \u00c4nderung dieser Datenschutzhinweise<\/strong><\/p><p>Diese Datenschutzhinweise haben den Stand Sept 2023.<\/p><p>Aufgrund technischer Weiterentwicklungen und\/oder ge\u00e4nderter gesetzlicher bzw. beh\u00f6rdlicher Vorgaben kann es eventuell notwendig werden, diese Datenschutzhinweise zu \u00e4ndern. Ob \u00c4nderungen erfolgt sind, erkennen Sie daran, wenn im ersten Absatz dieses Abschnittes 10. der \u201eStand\u201c des Dokuments aktualisiert wurde.<\/p><p>Die jeweils aktuellen Datenschutzhinweise k\u00f6nnen von Ihnen jederzeit auf unserer Website unter www.maramou.eu\u00a0abgerufen und ausgedruckt werden.<\/p>","protected":false},"excerpt":{"rendered":"<p>Datenschutzhinweise Wir nehmen den Schutz Ihrer pers\u00f6nlichen Daten ernst und halten uns an die Regeln der jeweils geltenden Datenschutzgesetze, insbesondere EU-Datenschutzgrundverordnung (EU-DSGVO) und Bundesdatenschutzgesetz (BDSG), sowie dieser Datenschutzhinweise. Wir verarbeiten personenbezogene Daten unserer Nutzer nur, soweit diese zur Bereitstellung einer funktionsf\u00e4higen Website sowie unserer Inhalte, Leistungen, Angebote etc. erforderlich sind. Personenbezogene Daten sind alle Informationen, [&hellip;]<\/p>","protected":false},"author":1,"featured_media":0,"parent":0,"menu_order":0,"comment_status":"closed","ping_status":"closed","template":"","meta":{"footnotes":""},"class_list":["post-1193","page","type-page","status-publish","hentry"],"blocksy_meta":[],"_links":{"self":[{"href":"https:\/\/maramou.eu\/en\/wp-json\/wp\/v2\/pages\/1193","targetHints":{"allow":["GET"]}}],"collection":[{"href":"https:\/\/maramou.eu\/en\/wp-json\/wp\/v2\/pages"}],"about":[{"href":"https:\/\/maramou.eu\/en\/wp-json\/wp\/v2\/types\/page"}],"author":[{"embeddable":true,"href":"https:\/\/maramou.eu\/en\/wp-json\/wp\/v2\/users\/1"}],"replies":[{"embeddable":true,"href":"https:\/\/maramou.eu\/en\/wp-json\/wp\/v2\/comments?post=1193"}],"version-history":[{"count":2,"href":"https:\/\/maramou.eu\/en\/wp-json\/wp\/v2\/pages\/1193\/revisions"}],"predecessor-version":[{"id":1197,"href":"https:\/\/maramou.eu\/en\/wp-json\/wp\/v2\/pages\/1193\/revisions\/1197"}],"wp:attachment":[{"href":"https:\/\/maramou.eu\/en\/wp-json\/wp\/v2\/media?parent=1193"}],"curies":[{"name":"wp","href":"https:\/\/api.w.org\/{rel}","templated":true}]}}