{"id":1204,"date":"2023-09-10T14:09:42","date_gmt":"2023-09-10T14:09:42","guid":{"rendered":"https:\/\/maramou.eu\/?page_id=1204"},"modified":"2023-09-10T14:09:42","modified_gmt":"2023-09-10T14:09:42","slug":"impressum","status":"publish","type":"page","link":"https:\/\/maramou.eu\/en\/impressum\/","title":{"rendered":"Impressum"},"content":{"rendered":"<h2 class=\"wp-block-heading\">Impressum und gesetzliche Informationen<\/h2><h3 class=\"wp-block-heading\">Gesetzliche Anbieterkennung:<\/h3><p>Marouane Mhirsi<br>Maramou Online Shop Inhaber Marouane Mhirsi<br>kreuz\u00e4ckerstr 3<br>85055 Ingolstadt<br>Deutschland<\/p><p>Telefon: (+49) 15228027230<br>Telefax: (+49) 15228027230<br>support@maramou.eu<br>www.maramou.eu<br><br>Umsatzsteuer-Identifikationsnummer gem\u00e4\u00df \u00a7 27 a Umsatzsteuergesetz:\u00a0DE 340529928<\/p><p>Die Europ\u00e4ische Kommission stellt eine Plattform zur Online-Streitbeilegung (OS) bereit, die Sie unter&nbsp;<a href=\"http:\/\/ec.europa.eu\/consumers\/odr\/\" target=\"_blank\" rel=\"noreferrer noopener\">http:\/\/ec.europa.eu\/consumers\/odr\/<\/a>&nbsp;finden. Wir sind bereit, an einem au\u00dfergerichtlichen Schlichtungsverfahren teilzunehmen.<\/p><h3 class=\"wp-block-heading\">Verhaltenskodizes:<\/h3><p>Wir sind Mitglied der Initiative &#8222;FairCommerce&#8220;.<br>N\u00e4here Informationen hierzu finden Sie unter&nbsp;<a href=\"http:\/\/www.fair-commerce.de\/\" target=\"_blank\" rel=\"noreferrer noopener\">www.fair-commerce.de<\/a>.<br>Wir sind Mitglied im Verein sicherer und seri\u00f6ser Internetshopbetreiber e. V. und haben uns den dortigen Pr\u00fcfungskriterien und der f\u00fcr unsere Kunden kostenfreien, au\u00dfergerichtlichen Schlichtungsstelle unterworfen.<br><a href=\"http:\/\/www.internetsiegel.net\/Pruefungskriterien.pdf\" target=\"_blank\" rel=\"noreferrer noopener\">http:\/\/www.internetsiegel.net\/Pruefungskriterien.pdf<\/a><br><a href=\"http:\/\/www.internetsiegel.net\/html\/schlichtungsstelle.html\" target=\"_blank\" rel=\"noreferrer noopener\">http:\/\/www.internetsiegel.net\/html\/schlichtungsstelle.html<\/a><\/p><h3 class=\"wp-block-heading\">Datenschutz &amp; Sicherheit:<\/h3><h4 class=\"wp-block-heading\">E-Mailwerbung mit Anmeldung zum Newsletter<\/h4><p>Wenn Sie sich zu unserem Newsletter anmelden, verwenden wir die hierf\u00fcr erforderlichen oder gesondert von Ihnen mitgeteilten Daten, um Ihnen regelm\u00e4\u00dfig unseren E-Mail-Newsletter aufgrund Ihrer Einwilligung gem\u00e4\u00df Art. 6 Abs. 1 S. 1 lit. a DSGVO zuzusenden. Die Abmeldung vom Newsletter ist jederzeit m\u00f6glich und kann entweder durch eine Nachricht an die unten beschriebene Kontaktm\u00f6glichkeit oder \u00fcber einen daf\u00fcr vorgesehenen Link im Newsletter erfolgen. Nach Abmeldung l\u00f6schen wir Ihre E-Mail-Adresse, soweit Sie nicht ausdr\u00fccklich in eine weitere Nutzung Ihrer Daten eingewilligt haben oder wir uns eine dar\u00fcber hinausgehende Datenverwendung vorbehalten, die gesetzlich erlaubt ist und \u00fcber die wir Sie in dieser Erkl\u00e4rung informieren.<\/p><p>E-Mail-Werbung mit Anmeldung zum Newsletter Wenn Sie sich zu unserem Newsletter anmelden, verwenden wir die hierf\u00fcr erforderlichen oder gesondert von Ihnen mitgeteilten Daten, um Ihnen regelm\u00e4\u00dfig unseren E-Mail-Newsletter aufgrund Ihrer Einwilligung gem\u00e4\u00df Art. 6 Abs. 1 S. 1 lit. a DSGVO zuzusenden. Die Abmeldung vom Newsletter ist jederzeit m\u00f6glich und kann entweder durch eine&nbsp;Nachricht an die unten beschriebene Kontaktm\u00f6glichkeit oder \u00fcber einen daf\u00fcr vorgesehenen Link im Newsletter erfolgen. Nach Abmeldung l\u00f6schen wir Ihre E-MailAdresse, soweit Sie nicht ausdr\u00fccklich in eine weitere Nutzung Ihrer Daten eingewilligt haben oder wir uns eine dar\u00fcber hinausgehende Datenverwendung vorbehalten, die gesetzlich erlaubt ist und \u00fcber die wir Sie in dieser Erkl\u00e4rung informieren.<\/p><h3 class=\"wp-block-heading\">Rechtliche Hinweise zur Webseite:<\/h3><p>Alle Texte, Bilder und weiter hier ver\u00f6ffentlichten Informationen unterliegen dem Urheberrecht des Anbieters, soweit nicht Urheberrechte Dritter bestehen. In jedem Fall ist eine Vervielf\u00e4ltigung, Verbreitung oder \u00f6ffentliche Wiedergabe ausschlie\u00dflich im Falle einer widerruflichen und nicht \u00fcbertragbaren Zustimmung des Anbieters gestattet.<br>F\u00fcr alle mittels Querverweis (Link) verbundenen Webinhalte \u00fcbernimmt der Anbieter keine Verantwortung, da es sich hierbei nicht um eigene Inhalte handelt. Die verlinkten Seiten wurden auf rechtswidrige Inhalte \u00fcberpr\u00fcft, zum Zeitpunkt der Verlinkung waren solche nicht erkennbar. Verantwortlich f\u00fcr den Inhalt der verlinkten Seiten ist deren Betreiber. Der Anbieter hat hierzu keine allgemeine \u00dcberwachungs- und Pr\u00fcfungspflicht. Bei Bekanntwerden einer Rechtsverletzung wird der entsprechende Link jedoch umgehend entfernt.<\/p><h3 class=\"wp-block-heading\">Streitbeilegung<\/h3><p>Die Europ\u00e4ische Kommission stellt eine Plattform zur Online-Streitbeilegung (OS) bereit, die Sie hier finden https:\/\/ec.europa.eu\/consumers\/odr\/. Wir sind bereit, an einem au\u00dfergerichtlichen Schlichtungsverfahren vor einer Verbraucherschlichtungsstelle teilzunehmen. Zust\u00e4ndig ist die Universalschlichtungsstelle des Bundes am Zentrum Schlichtung e.V., Stra\u00dfburger Stra\u00dfe 8, 77694 Kehl am Rhein, www.universalschlichtungsstelle.de..<\/p>","protected":false},"excerpt":{"rendered":"<p>Impressum und gesetzliche Informationen Gesetzliche Anbieterkennung: Marouane MhirsiMaramou Online Shop Inhaber Marouane Mhirsikreuz\u00e4ckerstr 385055 IngolstadtDeutschland Telefon: (+49) 15228027230Telefax: (+49) 15228027230support@maramou.euwww.maramou.eu Umsatzsteuer-Identifikationsnummer gem\u00e4\u00df \u00a7 27 a Umsatzsteuergesetz:\u00a0DE 340529928 Die Europ\u00e4ische Kommission stellt eine Plattform zur Online-Streitbeilegung (OS) bereit, die Sie unter&nbsp;http:\/\/ec.europa.eu\/consumers\/odr\/&nbsp;finden. Wir sind bereit, an einem au\u00dfergerichtlichen Schlichtungsverfahren teilzunehmen. Verhaltenskodizes: Wir sind Mitglied der Initiative &#8222;FairCommerce&#8220;.N\u00e4here [&hellip;]<\/p>","protected":false},"author":1,"featured_media":0,"parent":0,"menu_order":0,"comment_status":"closed","ping_status":"closed","template":"","meta":{"footnotes":""},"class_list":["post-1204","page","type-page","status-publish","hentry"],"blocksy_meta":[],"_links":{"self":[{"href":"https:\/\/maramou.eu\/en\/wp-json\/wp\/v2\/pages\/1204","targetHints":{"allow":["GET"]}}],"collection":[{"href":"https:\/\/maramou.eu\/en\/wp-json\/wp\/v2\/pages"}],"about":[{"href":"https:\/\/maramou.eu\/en\/wp-json\/wp\/v2\/types\/page"}],"author":[{"embeddable":true,"href":"https:\/\/maramou.eu\/en\/wp-json\/wp\/v2\/users\/1"}],"replies":[{"embeddable":true,"href":"https:\/\/maramou.eu\/en\/wp-json\/wp\/v2\/comments?post=1204"}],"version-history":[{"count":1,"href":"https:\/\/maramou.eu\/en\/wp-json\/wp\/v2\/pages\/1204\/revisions"}],"predecessor-version":[{"id":1205,"href":"https:\/\/maramou.eu\/en\/wp-json\/wp\/v2\/pages\/1204\/revisions\/1205"}],"wp:attachment":[{"href":"https:\/\/maramou.eu\/en\/wp-json\/wp\/v2\/media?parent=1204"}],"curies":[{"name":"wp","href":"https:\/\/api.w.org\/{rel}","templated":true}]}}