{"id":1385,"date":"2023-10-11T13:58:46","date_gmt":"2023-10-11T13:58:46","guid":{"rendered":"https:\/\/maramou.eu\/shipping-methods\/"},"modified":"2023-11-10T16:10:19","modified_gmt":"2023-11-10T16:10:19","slug":"shipping-methods","status":"publish","type":"page","link":"https:\/\/maramou.eu\/en\/shipping-methods\/","title":{"rendered":"Versandarten"},"content":{"rendered":"<p>Unsere Versandart wurde zuletzt am 01.12.2023 aktualisiert.<\/p><p>Vielen Dank f\u00fcr Ihren Besuch und Ihren Einkauf bei www.maramou.eu. Die folgenden Bedingungen und Konditionen stellen unsere Versandmethode dar.<\/p><h2 class=\"wp-block-heading\">Inl\u00e4ndische Versandart<\/h2><h3 class=\"wp-block-heading\">Bearbeitungszeiten f\u00fcr Sendungen<\/h3><p>Alle Bestellungen werden innerhalb von 2-3 Werktagen bearbeitet. An Wochenenden und Feiertagen werden keine Bestellungen versandt oder geliefert.<\/p><p>Wenn wir ein hohes Auftragsvolumen haben, kann sich der Versand um ein paar Tage verz\u00f6gern. Bitte planen Sie zus\u00e4tzliche Tage f\u00fcr die Zustellung ein. Sollte sich der Versand Ihrer Bestellung erheblich verz\u00f6gern, werden wir Sie per E-Mail oder Telefon kontaktieren.<\/p><p>Versandtarife und gesch\u00e4tzte Lieferkosten<\/p><p>Die Versandkosten f\u00fcr Ihre Bestellungen werden an der Kasse berechnet und angezeigt<\/p><ul class=\"wp-block-list\"><li><strong>Versand art : DHL Express<\/strong> <ul class=\"wp-block-list\"><li>Versandkosten: 14,99 Euro <\/li>\n\n<li>Gesch\u00e4tzte Lieferzeit: 1-2 Arbeitstage <\/li><\/ul><\/li>\n\n<li><strong>Versand art : DHL Standard<\/strong> <ul class=\"wp-block-list\"><li>Versandkosten: 5,99 Euro<\/li>\n\n<li>Gesch\u00e4tzte Lieferzeit: 3-5 Arbeitstage<\/li><\/ul><\/li>\n\n<li><strong>Versand art : DHL Normal<\/strong><ul class=\"wp-block-list\"><li>Versandkosten: Kostenlos<\/li>\n\n<li>Gesch\u00e4tzte Lieferzeit: 7-15 Arbeitstage<\/li><\/ul><\/li><\/ul><p>Eine Lieferung \u00fcber Nacht ist derzeit nicht m\u00f6glich.<\/p><p>Es kann gelegentlich zu Lieferverz\u00f6gerungen kommen.<\/p><h2 class=\"wp-block-heading\">Versandbest\u00e4tigung &amp; Auftragsverfolgung<\/h2><p>Sie erhalten eine Versandbest\u00e4tigung per E-Mail, sobald Ihre Bestellung versandt wurde, die Ihre Kontrollnummer(n) enth\u00e4lt. Die Sendungsverfolgungsnummer wird innerhalb von 24 Stunden aktiv sein.<\/p><h2 class=\"wp-block-heading\">Z\u00f6lle, Abgaben und Steuern<\/h2><p>www.maramo.eu ist nicht verantwortlich f\u00fcr Z\u00f6lle und Steuern, die auf Ihre Bestellung erhoben werden. Alle Geb\u00fchren, die w\u00e4hrend oder nach dem Versand erhoben werden, liegen in der Verantwortung des Kunden (Z\u00f6lle, Steuern)<\/p><h2 class=\"wp-block-heading\">Schadenersatz<\/h2><p>www.maramou.eu haftet nicht f\u00fcr Produkte, die w\u00e4hrend des Versands besch\u00e4digt werden oder verloren gehen. Wenn Sie Ihre Bestellung besch\u00e4digt erhalten haben, wenden Sie sich bitte an das Transportunternehmen, um eine Reklamation einzureichen.<\/p><p>Bitte bewahren Sie alle Verpackungsmaterialien und besch\u00e4digten Waren auf, bevor Sie eine Reklamation einreichen.<\/p><h2 class=\"wp-block-heading\">Kontaktieren Sie uns<\/h2><p>Wenn Sie irgendwelche Fragen zu dieser Versandpolitik haben, k\u00f6nnen Sie uns kontaktieren:<\/p><ul class=\"wp-block-list\"><li>Indem Sie diese Seite auf unserer Website besuchen: www.maramou.eu\/contact<\/li>\n\n<li>Senden Sie uns eine E-Mail: support@maramou.eu<\/li><\/ul>","protected":false},"excerpt":{"rendered":"<p>Unsere Versandart wurde zuletzt am 01.12.2023 aktualisiert. Vielen Dank f\u00fcr Ihren Besuch und Ihren Einkauf bei www.maramou.eu. Die folgenden Bedingungen und Konditionen stellen unsere Versandmethode dar. Inl\u00e4ndische Versandart Bearbeitungszeiten f\u00fcr Sendungen Alle Bestellungen werden innerhalb von 2-3 Werktagen bearbeitet. An Wochenenden und Feiertagen werden keine Bestellungen versandt oder geliefert. Wenn wir ein hohes Auftragsvolumen haben, [&hellip;]<\/p>","protected":false},"author":1,"featured_media":0,"parent":0,"menu_order":0,"comment_status":"closed","ping_status":"closed","template":"","meta":{"footnotes":""},"class_list":["post-1385","page","type-page","status-publish","hentry"],"blocksy_meta":[],"_links":{"self":[{"href":"https:\/\/maramou.eu\/en\/wp-json\/wp\/v2\/pages\/1385","targetHints":{"allow":["GET"]}}],"collection":[{"href":"https:\/\/maramou.eu\/en\/wp-json\/wp\/v2\/pages"}],"about":[{"href":"https:\/\/maramou.eu\/en\/wp-json\/wp\/v2\/types\/page"}],"author":[{"embeddable":true,"href":"https:\/\/maramou.eu\/en\/wp-json\/wp\/v2\/users\/1"}],"replies":[{"embeddable":true,"href":"https:\/\/maramou.eu\/en\/wp-json\/wp\/v2\/comments?post=1385"}],"version-history":[{"count":2,"href":"https:\/\/maramou.eu\/en\/wp-json\/wp\/v2\/pages\/1385\/revisions"}],"predecessor-version":[{"id":1507,"href":"https:\/\/maramou.eu\/en\/wp-json\/wp\/v2\/pages\/1385\/revisions\/1507"}],"wp:attachment":[{"href":"https:\/\/maramou.eu\/en\/wp-json\/wp\/v2\/media?parent=1385"}],"curies":[{"name":"wp","href":"https:\/\/api.w.org\/{rel}","templated":true}]}}