{"id":1494,"date":"2023-11-09T14:30:32","date_gmt":"2023-11-09T14:30:32","guid":{"rendered":"https:\/\/maramou.eu\/?post_type=product&#038;p=1494"},"modified":"2023-11-13T04:41:48","modified_gmt":"2023-11-13T04:41:48","slug":"maramou-mosaiklampe-bogen-l-glas-handgefertigtes-silber-orientalisch","status":"publish","type":"product","link":"https:\/\/maramou.eu\/en\/product\/maramou-mosaiklampe-bogen-l-glas-handgefertigtes-silber-orientalisch\/","title":{"rendered":"Maramou Mosaiklampe Bogen L Glas handgefertigtes Silber &#8211; Orientalisch"},"content":{"rendered":"<div class=\"section-title\">\n<div class=\"section-title__title-container\">\n<h2 id=\"s0-1-22-5-14-1-74[2]-2-3-7[0]-7[0]-4[0]-7[1]-1-2-title\" class=\"section-title__title\"><span class=\"ux-layout-section-module-evo__title\" data-testid=\"ux-textual-display\"><span class=\"ux-textspans\">Artikelmerkmale<\/span><\/span><\/h2>\n<\/div>\n<\/div>\n<div class=\"ux-layout-section-evo ux-layout-section--features\" data-testid=\"ux-layout-section-evo\">\n<div class=\"ux-layout-section-evo__item ux-layout-section-evo__item--table-view\" data-testid=\"ux-layout-section-evo__item\">\n<div class=\"ux-layout-section-evo__row\">\n<div class=\"ux-layout-section-evo__col\">\n<div class=\"ux-labels-values__labels\">\n<div class=\"ux-labels-values__labels-content\">\n<p><span class=\"ux-textspans\"><span class=\"ux-textspans\">Artikelzustand:<\/span><\/span><\/p>\n<div class=\"ux-labels-values__values\">\n<div class=\"ux-labels-values__values-content\">\n<div><span class=\"ux-expandable-textual-display-block-inline\" data-testid=\"ux-expandable-textual-display-block-inline\"><span data-testid=\"text\"><span class=\"ux-textspans\">Neu: Neuer, unbenutzter und unbesch\u00e4digter Artikel in nicht ge\u00f6ffneter Originalverpackung (soweit eine Verpackung vorhanden ist). Die Verpackung sollte der im Einzelhandel entsprechen. Ausnahme: Der Artikel war urspr\u00fcnglich in einer Nichteinzelhandelsverpackung verpackt, z. B. unbedruckter Karton oder Plastikh\u00fclle. Weitere Einzelheiten im Angebot des Verk\u00e4ufers.<\/span><\/span><\/span><\/div>\n<div>\n<div class=\"ux-labels-values__labels\">\n<div class=\"ux-labels-values__labels-content\">\n<div><span class=\"ux-textspans\">Marke:\u00a0 \u00a0 \u00a0 \u00a0 \u00a0 \u00a0 <\/span>Marmou<\/div>\n<div>\n<div class=\"ux-layout-section-evo__row\">\n<div class=\"ux-layout-section-evo__col\">\n<div class=\"ux-labels-values__labels\">\n<div class=\"ux-labels-values__labels-content\">\n<div><span class=\"ux-textspans\">Hersteller:\u00a0 \u00a0 \u00a0 <\/span>maramou<\/div>\n<\/div>\n<\/div>\n<\/div>\n<\/div>\n<div class=\"ux-layout-section-evo__row\">\n<div class=\"ux-layout-section-evo__col\">\n<div class=\"ux-labels-values__labels\">\n<div class=\"ux-labels-values__labels-content\">\n<div><span class=\"ux-textspans\">Produktart:\u00a0 \u00a0 <\/span>Mosaik Lampe<\/div>\n<\/div>\n<\/div>\n<\/div>\n<div class=\"ux-layout-section-evo__col\">\n<div class=\"ux-labels-values__labels\">\n<div class=\"ux-labels-values__labels-content\">\n<div><span class=\"ux-textspans\">Stil:\u00a0 \u00a0 \u00a0 \u00a0 \u00a0 \u00a0 \u00a0 \u00a0 \u00a0 <\/span>T\u00fcrkisch<\/div>\n<\/div>\n<\/div>\n<\/div>\n<\/div>\n<div class=\"ux-layout-section-evo__row\">\n<div class=\"ux-layout-section-evo__col\">\n<div class=\"ux-labels-values__labels\">\n<div class=\"ux-labels-values__labels-content\">\n<div><span class=\"ux-textspans\">Thema:\u00a0 \u00a0 \u00a0 \u00a0 \u00a0 \u00a0 <\/span>Bogen<\/div>\n<\/div>\n<\/div>\n<\/div>\n<div class=\"ux-layout-section-evo__col\">\n<div class=\"ux-labels-values__labels\">\n<div class=\"ux-labels-values__labels-content\">\n<div><span class=\"ux-textspans\">Kabelfarbe:\u00a0 \u00a0 \u00a0<\/span>Schwarz<\/div>\n<\/div>\n<\/div>\n<\/div>\n<\/div>\n<div class=\"ux-layout-section-evo__row\">\n<div class=\"ux-layout-section-evo__col\">\n<div class=\"ux-labels-values__labels\">\n<div class=\"ux-labels-values__labels-content\">\n<div><span class=\"ux-textspans\">Schirmform:\u00a0 <\/span>Glas<\/div>\n<\/div>\n<\/div>\n<\/div>\n<div class=\"ux-layout-section-evo__col\">\n<div class=\"ux-labels-values__labels\">\n<div class=\"ux-labels-values__labels-content\">\n<div><span class=\"ux-textspans\">Spannung:\u00a0 \u00a0 \u00a0 <\/span>220 V<\/div>\n<\/div>\n<\/div>\n<\/div>\n<\/div>\n<div class=\"ux-layout-section-evo__row\">\n<div class=\"ux-layout-section-evo__col\">\n<div class=\"ux-labels-values__labels\">\n<div class=\"ux-labels-values__labels-content\">\n<div><span class=\"ux-textspans\">Material:\u00a0 \u00a0 \u00a0 \u00a0 \u00a0<\/span>Glas<\/div>\n<\/div>\n<\/div>\n<\/div>\n<div class=\"ux-layout-section-evo__col\">\n<div class=\"ux-labels-values__labels\">\n<div class=\"ux-labels-values__labels-content\">\n<div><span class=\"ux-textspans\">H\u00f6he:\u00a0 \u00a0 \u00a0 \u00a0 \u00a0 \u00a0 \u00a0 <\/span>44 cm<\/div>\n<div>\n<h2 id=\"s0-1-22-5-14-1-74[2]-2-3-7[0]-7[0]-4[0]-8[2]-1-title\" class=\"section-title__title\"><span class=\"ux-textspans\">Artikelbeschreibung des Verk\u00e4ufers<\/span><\/h2>\n<p>Mosaiklampe Bogen L Glas handgefertigtes blau &#8211; Orientalisch T\u00fcrkisch Laterne.<\/p>\n<\/div>\n<\/div>\n<\/div>\n<\/div>\n<\/div>\n<\/div>\n<\/div>\n<\/div>\n<\/div>\n<\/div>\n<\/div>\n<\/div>\n<\/div>\n<div class=\"ux-labels-values__values\">\n<div class=\"ux-labels-values__values-content\"><\/div>\n<\/div>\n<\/div>\n<\/div>\n<div class=\"ux-layout-section-evo__row\">\n<div class=\"ux-layout-section-evo__col\">\n<div class=\"ux-labels-values__values\">\n<div class=\"ux-labels-values__values-content\">\n<div><\/div>\n<\/div>\n<\/div>\n<\/div>\n<\/div>\n<\/div>\n<\/div>","protected":false},"excerpt":{"rendered":"<p>Artikelmerkmale Artikelzustand: Neu: Neuer, unbenutzter und unbesch\u00e4digter Artikel in nicht ge\u00f6ffneter Originalverpackung (soweit eine Verpackung vorhanden ist). Die Verpackung sollte der im Einzelhandel entsprechen. Ausnahme: Der Artikel war urspr\u00fcnglich in einer Nichteinzelhandelsverpackung verpackt, z. B. unbedruckter Karton oder Plastikh\u00fclle. Weitere Einzelheiten im Angebot des Verk\u00e4ufers. Marke:\u00a0 \u00a0 \u00a0 \u00a0 \u00a0 \u00a0 Marmou Hersteller:\u00a0 \u00a0 \u00a0 [&hellip;]<\/p>","protected":false},"featured_media":1495,"comment_status":"open","ping_status":"closed","template":"","meta":[],"product_brand":[],"product_cat":[49],"product_tag":[],"class_list":{"0":"post-1494","1":"product","2":"type-product","3":"status-publish","4":"has-post-thumbnail","6":"product_cat-lampen","8":"first","9":"instock","10":"featured","11":"taxable","12":"shipping-taxable","13":"purchasable","14":"product-type-simple"},"_links":{"self":[{"href":"https:\/\/maramou.eu\/en\/wp-json\/wp\/v2\/product\/1494","targetHints":{"allow":["GET"]}}],"collection":[{"href":"https:\/\/maramou.eu\/en\/wp-json\/wp\/v2\/product"}],"about":[{"href":"https:\/\/maramou.eu\/en\/wp-json\/wp\/v2\/types\/product"}],"replies":[{"embeddable":true,"href":"https:\/\/maramou.eu\/en\/wp-json\/wp\/v2\/comments?post=1494"}],"wp:featuredmedia":[{"embeddable":true,"href":"https:\/\/maramou.eu\/en\/wp-json\/wp\/v2\/media\/1495"}],"wp:attachment":[{"href":"https:\/\/maramou.eu\/en\/wp-json\/wp\/v2\/media?parent=1494"}],"wp:term":[{"taxonomy":"product_brand","embeddable":true,"href":"https:\/\/maramou.eu\/en\/wp-json\/wp\/v2\/product_brand?post=1494"},{"taxonomy":"product_cat","embeddable":true,"href":"https:\/\/maramou.eu\/en\/wp-json\/wp\/v2\/product_cat?post=1494"},{"taxonomy":"product_tag","embeddable":true,"href":"https:\/\/maramou.eu\/en\/wp-json\/wp\/v2\/product_tag?post=1494"}],"curies":[{"name":"wp","href":"https:\/\/api.w.org\/{rel}","templated":true}]}}