{"id":1498,"date":"2023-11-09T16:23:51","date_gmt":"2023-11-09T16:23:51","guid":{"rendered":"https:\/\/maramou.eu\/?post_type=product&#038;p=1498"},"modified":"2023-11-13T04:43:54","modified_gmt":"2023-11-13T04:43:54","slug":"olivenholz-moerser-10-cm-aus-olivenholz-ideal-und-perfekt-gute-preis-und-qualitaet","status":"publish","type":"product","link":"https:\/\/maramou.eu\/en\/product\/olivenholz-moerser-10-cm-aus-olivenholz-ideal-und-perfekt-gute-preis-und-qualitaet\/","title":{"rendered":"Olivenholz M\u00f6rser 10 cm aus Olivenholz, Gute Qualit\u00e4t, Ideal und Perfekt"},"content":{"rendered":"<div class=\"section-title\">\n<div class=\"section-title__title-container\">\n<h2 id=\"s0-1-22-5-14-1-74[2]-2-3-7[0]-7[0]-4[0]-7[1]-1-2-title\" class=\"section-title__title\"><span class=\"ux-layout-section-module-evo__title\" data-testid=\"ux-textual-display\"><span class=\"ux-textspans\">Artikelmerkmale<\/span><\/span><\/h2>\n<\/div>\n<\/div>\n<div class=\"ux-layout-section-evo ux-layout-section--features\" data-testid=\"ux-layout-section-evo\">\n<div class=\"ux-layout-section-evo__item ux-layout-section-evo__item--table-view\" data-testid=\"ux-layout-section-evo__item\">\n<div class=\"ux-layout-section-evo__row\">\n<div class=\"ux-layout-section-evo__col\">\n<div class=\"ux-labels-values__labels\">\n<div class=\"ux-labels-values__labels-content\">\n<p><span class=\"ux-textspans\">Artikelzustand:<\/span><\/p>\n<div class=\"ux-labels-values__values\">\n<div class=\"ux-labels-values__values-content\">\n<div>Neu: Neuer, unbenutzter und unbesch\u00e4digter Artikel in nicht ge\u00f6ffneter Originalverpackung (soweit eine Verpackung vorhanden ist). Die Verpackung sollte der im Einzelhandel entsprechen. Ausnahme: Der Artikel war urspr\u00fcnglich in einer Nichteinzelhandelsverpackung verpackt, z. B. unbedruckter Karton oder Plastikh\u00fclle. Weitere Einzelheiten im Angebot des Verk\u00e4ufers.<\/div>\n<div><span class=\"ux-textspans\">Marke:\u00a0 \u00a0 \u00a0 \u00a0 \u00a0 \u00a0 \u00a0 \u00a0 \u00a0 \u00a0 \u00a0 <\/span>Marmou<\/div>\n<div><span class=\"ux-textspans\">Hersteller:\u00a0 \u00a0 \u00a0 \u00a0 \u00a0 \u00a0 \u00a0 \u00a0<\/span>maramou<\/div>\n<div>Produktart:\u00a0 \u00a0 \u00a0 \u00a0 \u00a0 \u00a0 \u00a0Schale<\/div>\n<div>\n<div class=\"ux-labels-values__labels\">\n<div class=\"ux-labels-values__labels-content\">\n<div class=\"ux-layout-section-evo__row\">\n<div class=\"ux-layout-section-evo__col\">\n<div class=\"ux-labels-values__labels\">\n<div class=\"ux-labels-values__labels-content\">\n<div class=\"ux-labels-values__labels\">\n<div class=\"ux-labels-values__labels-content\">\n<div><span class=\"ux-textspans\">Angebotspaket<\/span><span class=\"ux-textspans\">:\u00a0 \u00a0 \u00a0 Nein<\/span><\/div>\n<\/div>\n<\/div>\n<\/div>\n<\/div>\n<\/div>\n<\/div>\n<div class=\"ux-layout-section-evo__row\">\n<div class=\"ux-layout-section-evo__col\">\n<div class=\"ux-labels-values__labels\">\n<div class=\"ux-labels-values__labels-content\">\n<div><span class=\"ux-textspans\">Finish:\u00a0 \u00a0 \u00a0 \u00a0 \u00a0 \u00a0 \u00a0 \u00a0 \u00a0 \u00a0 \u00a0 Matt<\/span><\/div>\n<\/div>\n<\/div>\n<\/div>\n<div class=\"ux-layout-section-evo__col\">\n<div class=\"ux-labels-values__labels\">\n<div class=\"ux-labels-values__labels-content\">\n<div><span class=\"ux-textspans\">Gr\u00f6\u00dfe:\u00a0 \u00a0 \u00a0 \u00a0 \u00a0 \u00a0 \u00a0 \u00a0 \u00a0 \u00a0 \u00a0 Gro\u00df<\/span><\/div>\n<\/div>\n<\/div>\n<\/div>\n<\/div>\n<div class=\"ux-layout-section-evo__row\">\n<div class=\"ux-layout-section-evo__col\">\n<div class=\"ux-labels-values__labels\">\n<div class=\"ux-labels-values__labels-content\">\n<div><span class=\"ux-textspans\">Farbe:\u00a0 \u00a0 \u00a0 \u00a0 \u00a0 \u00a0 \u00a0 \u00a0 \u00a0 \u00a0 \u00a0 \u00a0<\/span>Braun<\/div>\n<\/div>\n<\/div>\n<\/div>\n<div class=\"ux-layout-section-evo__col\">\n<div class=\"ux-labels-values__labels\">\n<div class=\"ux-labels-values__labels-content\">\n<div class=\"ux-labels-values__labels\">\n<div class=\"ux-labels-values__labels-content\">\n<div><span class=\"ux-textspans\">Form<\/span><span class=\"ux-textspans\">:\u00a0 \u00a0 \u00a0 \u00a0 \u00a0 \u00a0 \u00a0 \u00a0 \u00a0 \u00a0 \u00a0 \u00a0Oval<\/span><\/div>\n<\/div>\n<\/div>\n<\/div>\n<\/div>\n<\/div>\n<\/div>\n<div class=\"ux-layout-section-evo__row\">\n<div class=\"ux-layout-section-evo__col\">\n<div class=\"ux-labels-values__labels\">\n<div class=\"ux-labels-values__labels-content\">\n<div><span class=\"ux-textspans\">Material:\u00a0 \u00a0 \u00a0 \u00a0 \u00a0 \u00a0 \u00a0 \u00a0 \u00a0 Holz<\/span><\/div>\n<\/div>\n<\/div>\n<\/div>\n<div class=\"ux-layout-section-evo__col\">\n<div class=\"ux-labels-values__labels\">\n<div class=\"ux-labels-values__labels-content\">\n<div><\/div>\n<div>\n<div class=\"section-title\">\n<div class=\"section-title__title-container\">\n<h2 id=\"s0-1-22-5-14-1-74[2]-2-3-7[0]-7[0]-4[0]-8[2]-1-title\" class=\"section-title__title\"><span class=\"ux-textspans\">Artikelbeschreibung des Verk\u00e4ufers<\/span><\/h2>\n<ul>\n<li dir=\"ltr\">Wundersch\u00f6ner M\u00f6rser\u00a0 mit Olivenholz Ma\u00dferung, ideal zum\u00a0 zerkleinern die Gew\u00fcrze.<\/li>\n<li dir=\"ltr\">Jeder M\u00f6rser ist ein Unikat und kann in Gr\u00f6\u00dfe und Maserung variieren.<\/li>\n<li dir=\"ltr\">Olivenholz ist antibakterielle und hat\u00a0 noch viel Eigenschaften .Olivenholz ist\u00a0 Nummer eines als K\u00fcchenutensil . Die M\u00f6rser sind Neutral und nimmt keinen andere Geschmack und Geruch an.<\/li>\n<li dir=\"ltr\">Kapazit\u00e4t halb Tassen:\u00a0 Innendurchmesser Sch\u00fcssel 04 cm, Innenh\u00f6he 3,5 cm, St\u00f6\u00dfel\u00a0 5 cm lang, 0,3 Tassen ca. 30 ml<\/li>\n<li dir=\"ltr\">Solides und praktisches Material: Polierter Olivenholz und M\u00f6rser mit dicken W\u00e4nden und Sockel. Das hohe Gewicht sorgt f\u00fcr einen stabilen Einsatz auf der Theke.<\/li>\n<li dir=\"ltr\">Leicht zu reinigen: Sto\u00dfel\u00a0 und M\u00f6rser einfach mit einem Schwamm in hei\u00dfem Wasser gut aussp\u00fclen und es hinterl\u00e4sst keinen Geruch. Aus reinem Naturholz, bitte vor dem ersten Gebrauch waschen.<\/li>\n<li dir=\"ltr\">Vielseitig verwendbar: Perfekt f\u00fcr alles, von Pfefferk\u00f6rnern und dem Mahlen zarter Kr\u00e4uter bis hin zur Herstellung von Pesto, Salsa , Rezepten und mehr.<\/li>\n<li dir=\"ltr\">Gut verpackt: Bei ausreichender Polsterung im Karton werden St\u00f6\u00dfel und M\u00f6rser unbesch\u00e4digt geliefert.<\/li>\n<\/ul>\n<\/div>\n<\/div>\n<\/div>\n<\/div>\n<\/div>\n<\/div>\n<\/div>\n<\/div>\n<\/div>\n<\/div>\n<\/div>\n<\/div>\n<\/div>\n<\/div>\n<\/div>\n<\/div>\n<\/div>\n<\/div>","protected":false},"excerpt":{"rendered":"<p>Artikelmerkmale Artikelzustand: Neu: Neuer, unbenutzter und unbesch\u00e4digter Artikel in nicht ge\u00f6ffneter Originalverpackung (soweit eine Verpackung vorhanden ist). Die Verpackung sollte der im Einzelhandel entsprechen. Ausnahme: Der Artikel war urspr\u00fcnglich in einer Nichteinzelhandelsverpackung verpackt, z. B. unbedruckter Karton oder Plastikh\u00fclle. Weitere Einzelheiten im Angebot des Verk\u00e4ufers. Marke:\u00a0 \u00a0 \u00a0 \u00a0 \u00a0 \u00a0 \u00a0 \u00a0 \u00a0 \u00a0 [&hellip;]<\/p>","protected":false},"featured_media":1500,"comment_status":"open","ping_status":"closed","template":"","meta":[],"product_brand":[],"product_cat":[44],"product_tag":[],"class_list":{"0":"post-1498","1":"product","2":"type-product","3":"status-publish","4":"has-post-thumbnail","6":"product_cat-aus-holz","7":"product_shipping_class-kostenlose-versand","9":"first","10":"instock","11":"featured","12":"taxable","13":"shipping-taxable","14":"purchasable","15":"product-type-simple"},"_links":{"self":[{"href":"https:\/\/maramou.eu\/en\/wp-json\/wp\/v2\/product\/1498","targetHints":{"allow":["GET"]}}],"collection":[{"href":"https:\/\/maramou.eu\/en\/wp-json\/wp\/v2\/product"}],"about":[{"href":"https:\/\/maramou.eu\/en\/wp-json\/wp\/v2\/types\/product"}],"replies":[{"embeddable":true,"href":"https:\/\/maramou.eu\/en\/wp-json\/wp\/v2\/comments?post=1498"}],"wp:featuredmedia":[{"embeddable":true,"href":"https:\/\/maramou.eu\/en\/wp-json\/wp\/v2\/media\/1500"}],"wp:attachment":[{"href":"https:\/\/maramou.eu\/en\/wp-json\/wp\/v2\/media?parent=1498"}],"wp:term":[{"taxonomy":"product_brand","embeddable":true,"href":"https:\/\/maramou.eu\/en\/wp-json\/wp\/v2\/product_brand?post=1498"},{"taxonomy":"product_cat","embeddable":true,"href":"https:\/\/maramou.eu\/en\/wp-json\/wp\/v2\/product_cat?post=1498"},{"taxonomy":"product_tag","embeddable":true,"href":"https:\/\/maramou.eu\/en\/wp-json\/wp\/v2\/product_tag?post=1498"}],"curies":[{"name":"wp","href":"https:\/\/api.w.org\/{rel}","templated":true}]}}