{"id":1525,"date":"2023-11-11T16:03:09","date_gmt":"2023-11-11T16:03:09","guid":{"rendered":"https:\/\/maramou.eu\/?post_type=product&#038;p=1525"},"modified":"2023-11-13T04:45:40","modified_gmt":"2023-11-13T04:45:40","slug":"kerzenhalter-metall-schwarz","status":"publish","type":"product","link":"https:\/\/maramou.eu\/en\/product\/kerzenhalter-metall-schwarz\/","title":{"rendered":"Kerzenhalter Metall Schwarz"},"content":{"rendered":"<div class=\"section-title\">\n<div class=\"section-title__title-container\">\n<h2 id=\"s0-1-22-5-14-1-74[2]-2-3-7[0]-7[0]-4[0]-7[1]-1-2-title\" class=\"section-title__title\"><span class=\"ux-layout-section-module-evo__title\" data-testid=\"ux-textual-display\"><span class=\"ux-textspans\">Artikelmerkmale<\/span><\/span><\/h2>\n<\/div>\n<\/div>\n<div class=\"ux-layout-section-evo ux-layout-section--features\" data-testid=\"ux-layout-section-evo\">\n<div class=\"ux-layout-section-evo__item ux-layout-section-evo__item--table-view\" data-testid=\"ux-layout-section-evo__item\">\n<div class=\"ux-layout-section-evo__row\">\n<div class=\"ux-layout-section-evo__col\">\n<div class=\"ux-labels-values__labels\">\n<div class=\"ux-labels-values__labels-content\">\n<p><span class=\"ux-textspans\">Artikelzustand:<\/span><\/p>\n<div class=\"ux-labels-values__values\">\n<div class=\"ux-labels-values__values-content\">\n<div>Neu: Neuer, unbenutzter und unbesch\u00e4digter Artikel in nicht ge\u00f6ffneter Originalverpackung (soweit eine Verpackung vorhanden ist). Die Verpackung sollte der im Einzelhandel entsprechen. Ausnahme: Der Artikel war urspr\u00fcnglich in einer Nichteinzelhandelsverpackung verpackt, z. B. unbedruckter Karton oder Plastikh\u00fclle. Weitere Einzelheiten im Angebot des Verk\u00e4ufers.<\/div>\n<div>\n<div class=\"ux-labels-values__labels\">\n<div class=\"ux-labels-values__labels-content\">\n<div><\/div>\n<div>\n<div class=\"ux-labels-values__labels\">\n<div class=\"ux-labels-values__labels-content\">\n<div><span class=\"ux-textspans\">Marke:\u00a0 \u00a0 \u00a0 \u00a0 \u00a0 Markenlos<\/span><\/div>\n<div>\n<div class=\"ux-labels-values__labels\">\n<div class=\"ux-labels-values__labels-content\">\n<div><span class=\"ux-textspans\">Stil:\u00a0 \u00a0 \u00a0 \u00a0 \u00a0 \u00a0 \u00a0 \u00a0 <\/span>Asiatisch<\/div>\n<div>\n<div class=\"ux-labels-values__labels\">\n<div class=\"ux-labels-values__labels-content\">\n<div><span class=\"ux-textspans\">L\u00e4nge:\u00a0 \u00a0 \u00a0 \u00a0 \u00a0 \u00a0<\/span>Weniger als 0,25 Zoll<\/div>\n<div>\n<div class=\"ux-labels-values__labels\">\n<div class=\"ux-labels-values__labels-content\">\n<div><span class=\"ux-textspans\">EAN :\u00a0 \u00a0 \u00a0 \u00a0 \u00a0 \u00a0 <\/span>Nicht zutreffend<\/div>\n<div>\n<div class=\"ux-layout-section-evo__row\">\n<div class=\"ux-layout-section-evo__col\">\n<div class=\"ux-labels-values__labels\">\n<div class=\"ux-labels-values__labels-content\">\n<div><span class=\"ux-textspans\">Produktart: <\/span>Kerzenhalter<\/div>\n<div>\n<div class=\"ux-labels-values__labels\">\n<div class=\"ux-labels-values__labels-content\">\n<div><span class=\"ux-textspans\">Material:\u00a0 \u00a0 \u00a0<\/span>Metall<\/div>\n<div>\n<div class=\"ux-labels-values__labels\">\n<div class=\"ux-labels-values__labels-content\">\n<div><span class=\"ux-textspans\">H\u00f6he:\u00a0 \u00a0 \u00a0 \u00a0 \u00a0 <\/span>12<\/div>\n<\/div>\n<\/div>\n<\/div>\n<\/div>\n<\/div>\n<\/div>\n<\/div>\n<\/div>\n<\/div>\n<\/div>\n<div class=\"ux-layout-section-evo__row\">\n<div class=\"ux-layout-section-evo__col\">\n<div class=\"ux-labels-values__labels\">\n<div class=\"ux-labels-values__labels-content\"><\/div>\n<\/div>\n<\/div>\n<\/div>\n<\/div>\n<\/div>\n<\/div>\n<\/div>\n<\/div>\n<\/div>\n<\/div>\n<\/div>\n<\/div>\n<\/div>\n<\/div>\n<div>\n<div class=\"section-title\">\n<div class=\"section-title__title-container\">\n<h2 id=\"s0-1-22-5-14-1-74[2]-2-3-7[0]-7[0]-4[0]-8[2]-1-title\" class=\"section-title__title\"><span class=\"ux-textspans\">Artikelbeschreibung des Verk\u00e4ufers<\/span><\/h2>\n<p>Kerzenhaltern metall schwarz.handgefertigt .<\/p>\n<div class=\"section-title\">\n<div class=\"section-title__title-container\">\n<h2 id=\"s0-1-22-5-14-1-74[2]-2-3-7[0]-7[0]-4[0]-12[4]-1-2-title\" class=\"section-title__title\"><span class=\"ux-layout-section-module__title\" data-testid=\"ux-textual-display\"><span class=\"ux-textspans\">R\u00fccknahmebedingungen<\/span><\/span><\/h2>\n<table class=\"ux-table-section ux-table-section--html-table ux-table-section--returnsDataTable\" style=\"height: 61px;\" width=\"297\" data-testid=\"ux-table-section\">\n<thead class=\"ux-table-section__head\" data-testid=\"ux-table-section-head\">\n<tr class=\"ux-table-section__row\" data-testid=\"ux-table-section-head-row\">\n<th class=\"ux-table-section__cell ux-table-section__cell--th\" data-testid=\"ux-table-section-head-cell\"><span class=\"ux-textspans\">Frist<\/span><\/th>\n<th class=\"ux-table-section__cell ux-table-section__cell--th\" data-testid=\"ux-table-section-head-cell\"><span class=\"ux-textspans\">R\u00fccksendung<\/span><\/th>\n<\/tr>\n<\/thead>\n<tbody class=\"ux-table-section__body\" data-testid=\"ux-table-section-body\">\n<tr class=\"ux-table-section__row\" data-testid=\"ux-table-section-body-row\">\n<td class=\"ux-table-section__cell\" data-testid=\"ux-table-section-body-cell\"><span class=\"ux-textspans\">14 Tage<\/span><\/td>\n<td class=\"ux-table-section__cell\" data-testid=\"ux-table-section-body-cell\"><span class=\"ux-textspans\">K\u00e4ufer zahlt R\u00fcckversand<\/span><\/td>\n<\/tr>\n<\/tbody>\n<\/table>\n<div class=\"ux-section ux-section--returnsPolicySectionNoBorder\" data-testid=\"ux-section\">\n<div class=\"ux-section__content\" data-testid=\"ux-section-content\">\n<div class=\"ux-section__item\"><span class=\"ux-textspans ux-textspans--SECONDARY\">Der K\u00e4ufer tr\u00e4gt die R\u00fccksendekosten.<\/span><\/div>\n<\/div>\n<\/div>\n<table class=\"ux-table-section ux-table-section--html-table ux-table-section--returnsPoliciesTable\" data-testid=\"ux-table-section\">\n<thead class=\"ux-table-section__head\" data-testid=\"ux-table-section-head\">\n<tr class=\"ux-table-section__row\" data-testid=\"ux-table-section-head-row\">\n<th class=\"ux-table-section__cell ux-table-section__cell--th\" data-testid=\"ux-table-section-head-cell\"><span class=\"ux-textspans\">R\u00fccknahmebedingungen im Detail<\/span><\/th>\n<\/tr>\n<\/thead>\n<tbody class=\"ux-table-section__body\" data-testid=\"ux-table-section-body\">\n<tr class=\"ux-table-section__row\" data-testid=\"ux-table-section-body-row\">\n<td class=\"ux-table-section__cell\" data-testid=\"ux-table-section-body-cell\"><span class=\"ux-textspans\">R\u00fccknahme akzeptiert<\/span><\/td>\n<\/tr>\n<\/tbody>\n<\/table>\n<\/div>\n<\/div>\n<\/div>\n<\/div>\n<\/div>\n<\/div>\n<\/div>\n<\/div>\n<\/div>\n<\/div>\n<\/div>\n<\/div>\n<\/div>\n<\/div>\n<\/div>\n<\/div>\n<\/div>\n<\/div>","protected":false},"excerpt":{"rendered":"<p>Artikelmerkmale Artikelzustand: Neu: Neuer, unbenutzter und unbesch\u00e4digter Artikel in nicht ge\u00f6ffneter Originalverpackung (soweit eine Verpackung vorhanden ist). Die Verpackung sollte der im Einzelhandel entsprechen. Ausnahme: Der Artikel war urspr\u00fcnglich in einer Nichteinzelhandelsverpackung verpackt, z. B. unbedruckter Karton oder Plastikh\u00fclle. Weitere Einzelheiten im Angebot des Verk\u00e4ufers. Marke:\u00a0 \u00a0 \u00a0 \u00a0 \u00a0 Markenlos Stil:\u00a0 \u00a0 \u00a0 \u00a0 [&hellip;]<\/p>","protected":false},"featured_media":1526,"comment_status":"open","ping_status":"closed","template":"","meta":[],"product_brand":[],"product_cat":[49],"product_tag":[],"class_list":{"0":"post-1525","1":"product","2":"type-product","3":"status-publish","4":"has-post-thumbnail","6":"product_cat-lampen","8":"first","9":"instock","10":"taxable","11":"shipping-taxable","12":"purchasable","13":"product-type-simple"},"_links":{"self":[{"href":"https:\/\/maramou.eu\/en\/wp-json\/wp\/v2\/product\/1525","targetHints":{"allow":["GET"]}}],"collection":[{"href":"https:\/\/maramou.eu\/en\/wp-json\/wp\/v2\/product"}],"about":[{"href":"https:\/\/maramou.eu\/en\/wp-json\/wp\/v2\/types\/product"}],"replies":[{"embeddable":true,"href":"https:\/\/maramou.eu\/en\/wp-json\/wp\/v2\/comments?post=1525"}],"wp:featuredmedia":[{"embeddable":true,"href":"https:\/\/maramou.eu\/en\/wp-json\/wp\/v2\/media\/1526"}],"wp:attachment":[{"href":"https:\/\/maramou.eu\/en\/wp-json\/wp\/v2\/media?parent=1525"}],"wp:term":[{"taxonomy":"product_brand","embeddable":true,"href":"https:\/\/maramou.eu\/en\/wp-json\/wp\/v2\/product_brand?post=1525"},{"taxonomy":"product_cat","embeddable":true,"href":"https:\/\/maramou.eu\/en\/wp-json\/wp\/v2\/product_cat?post=1525"},{"taxonomy":"product_tag","embeddable":true,"href":"https:\/\/maramou.eu\/en\/wp-json\/wp\/v2\/product_tag?post=1525"}],"curies":[{"name":"wp","href":"https:\/\/api.w.org\/{rel}","templated":true}]}}