{"id":1535,"date":"2023-11-12T03:52:51","date_gmt":"2023-11-12T03:52:51","guid":{"rendered":"https:\/\/maramou.eu\/?post_type=product&#038;p=1535"},"modified":"2023-11-13T04:46:28","modified_gmt":"2023-11-13T04:46:28","slug":"maramou-mosaiklampe-bogen-l-glas-handgefertigtes-silbe-orientalisch-tuerkisch","status":"publish","type":"product","link":"https:\/\/maramou.eu\/en\/product\/maramou-mosaiklampe-bogen-l-glas-handgefertigtes-silbe-orientalisch-tuerkisch\/","title":{"rendered":"Maramou Mosaiklampe Bogen L Glas handgefertigtes Silbe &#8211; Orientalisch T\u00fcrkisch"},"content":{"rendered":"<h2>Artikelmerkmale<\/h2>\n<p>Artikelzustand<br \/>\nNeu: Neuer, unbenutzter und unbesch\u00e4digter Artikel in nicht ge\u00f6ffneter Originalverpackung (soweit eine Verpackung vorhanden ist). Die Verpackung sollte der im Einzelhandel entsprechen. Ausnahme: Der Artikel war urspr\u00fcnglich in einer Nichteinzelhandelsverpackung verpackt, z. B. unbedruckter Karton oder Plastikh\u00fclle. Weitere Einzelheiten im Angebot des Verk\u00e4ufers.<\/p>\n<div>Marke :\u00a0 \u00a0 \u00a0 \u00a0 \u00a0 \u00a0 \u00a0 \u00a0Maramou<\/div>\n<div>Hersteller:\u00a0 \u00a0 \u00a0 \u00a0 \u00a0maramou<\/div>\n<div>Produktart:\u00a0 \u00a0 \u00a0 \u00a0Mosaik Lampe<\/div>\n<div>Stil:\u00a0 \u00a0 \u00a0 \u00a0 \u00a0 \u00a0 \u00a0 \u00a0 \u00a0 \u00a0 \u00a0T\u00fcrkisch<\/div>\n<div>Thema:\u00a0 \u00a0 \u00a0 \u00a0 \u00a0 \u00a0 \u00a0 Bogen<\/div>\n<div>Kabelfarbe:\u00a0 \u00a0 \u00a0 \u00a0Schwarz<\/div>\n<div>Spannung:\u00a0 \u00a0 \u00a0 \u00a0 220 V<\/div>\n<div>Material:\u00a0 \u00a0 \u00a0 \u00a0 \u00a0 \u00a0Glas<\/div>\n<div>H\u00f6he:\u00a0 \u00a0 \u00a0 \u00a0 \u00a0 \u00a0 \u00a0 \u00a0 44 cm<\/div>\n<div>Durchmesser:\u00a0 12<\/div>\n<h2>Artikelbeschreibung des Verk\u00e4ufers<\/h2>\n<p>Mosaiklampe Bogen L Glas handgefertigtes blau &#8211; Orientalisch T\u00fcrkisch Laterne.<\/p>\n<h2>R\u00fccknahmebedingungen<\/h2>\n<table class=\"ux-table-section ux-table-section--html-table ux-table-section--returnsDataTable\" style=\"height: 56px;\" width=\"298\" data-testid=\"ux-table-section\">\n<thead class=\"ux-table-section__head\" data-testid=\"ux-table-section-head\">\n<tr class=\"ux-table-section__row\" data-testid=\"ux-table-section-head-row\">\n<th class=\"ux-table-section__cell ux-table-section__cell--th\" data-testid=\"ux-table-section-head-cell\"><span class=\"ux-textspans\">Frist<\/span><\/th>\n<th class=\"ux-table-section__cell ux-table-section__cell--th\" data-testid=\"ux-table-section-head-cell\"><span class=\"ux-textspans\">R\u00fccksendung<\/span><\/th>\n<\/tr>\n<\/thead>\n<tbody class=\"ux-table-section__body\" data-testid=\"ux-table-section-body\">\n<tr class=\"ux-table-section__row\" data-testid=\"ux-table-section-body-row\">\n<td class=\"ux-table-section__cell\" data-testid=\"ux-table-section-body-cell\"><span class=\"ux-textspans\">14 Tage<\/span><\/td>\n<td class=\"ux-table-section__cell\" data-testid=\"ux-table-section-body-cell\"><span class=\"ux-textspans\">K\u00e4ufer zahlt R\u00fcckversand<\/span><\/td>\n<\/tr>\n<\/tbody>\n<\/table>\n<div class=\"ux-section ux-section--returnsPolicySectionNoBorder\" data-testid=\"ux-section\">\n<div class=\"ux-section__content\" data-testid=\"ux-section-content\">\n<div class=\"ux-section__item\"><span class=\"ux-textspans ux-textspans--SECONDARY\">Der K\u00e4ufer tr\u00e4gt die R\u00fccksendekosten.<\/span><\/div>\n<\/div>\n<\/div>\n<table class=\"ux-table-section ux-table-section--html-table ux-table-section--returnsPoliciesTable\" data-testid=\"ux-table-section\">\n<thead class=\"ux-table-section__head\" data-testid=\"ux-table-section-head\">\n<tr class=\"ux-table-section__row\" data-testid=\"ux-table-section-head-row\">\n<th class=\"ux-table-section__cell ux-table-section__cell--th\" data-testid=\"ux-table-section-head-cell\"><span class=\"ux-textspans\">R\u00fccknahmebedingungen im Detail<\/span><\/th>\n<\/tr>\n<\/thead>\n<tbody class=\"ux-table-section__body\" data-testid=\"ux-table-section-body\">\n<tr class=\"ux-table-section__row\" data-testid=\"ux-table-section-body-row\">\n<td class=\"ux-table-section__cell\" data-testid=\"ux-table-section-body-cell\"><span class=\"ux-textspans\">R\u00fccknahme akzeptiert<\/span><\/td>\n<\/tr>\n<\/tbody>\n<\/table>","protected":false},"excerpt":{"rendered":"<p>Artikelmerkmale Artikelzustand Neu: Neuer, unbenutzter und unbesch\u00e4digter Artikel in nicht ge\u00f6ffneter Originalverpackung (soweit eine Verpackung vorhanden ist). Die Verpackung sollte der im Einzelhandel entsprechen. Ausnahme: Der Artikel war urspr\u00fcnglich in einer Nichteinzelhandelsverpackung verpackt, z. B. unbedruckter Karton oder Plastikh\u00fclle. Weitere Einzelheiten im Angebot des Verk\u00e4ufers. Marke :\u00a0 \u00a0 \u00a0 \u00a0 \u00a0 \u00a0 \u00a0 \u00a0Maramou Hersteller:\u00a0 [&hellip;]<\/p>","protected":false},"featured_media":1537,"comment_status":"open","ping_status":"closed","template":"","meta":[],"product_brand":[],"product_cat":[49],"product_tag":[],"class_list":{"0":"post-1535","1":"product","2":"type-product","3":"status-publish","4":"has-post-thumbnail","6":"product_cat-lampen","8":"first","9":"instock","10":"taxable","11":"shipping-taxable","12":"purchasable","13":"product-type-simple"},"_links":{"self":[{"href":"https:\/\/maramou.eu\/en\/wp-json\/wp\/v2\/product\/1535","targetHints":{"allow":["GET"]}}],"collection":[{"href":"https:\/\/maramou.eu\/en\/wp-json\/wp\/v2\/product"}],"about":[{"href":"https:\/\/maramou.eu\/en\/wp-json\/wp\/v2\/types\/product"}],"replies":[{"embeddable":true,"href":"https:\/\/maramou.eu\/en\/wp-json\/wp\/v2\/comments?post=1535"}],"wp:featuredmedia":[{"embeddable":true,"href":"https:\/\/maramou.eu\/en\/wp-json\/wp\/v2\/media\/1537"}],"wp:attachment":[{"href":"https:\/\/maramou.eu\/en\/wp-json\/wp\/v2\/media?parent=1535"}],"wp:term":[{"taxonomy":"product_brand","embeddable":true,"href":"https:\/\/maramou.eu\/en\/wp-json\/wp\/v2\/product_brand?post=1535"},{"taxonomy":"product_cat","embeddable":true,"href":"https:\/\/maramou.eu\/en\/wp-json\/wp\/v2\/product_cat?post=1535"},{"taxonomy":"product_tag","embeddable":true,"href":"https:\/\/maramou.eu\/en\/wp-json\/wp\/v2\/product_tag?post=1535"}],"curies":[{"name":"wp","href":"https:\/\/api.w.org\/{rel}","templated":true}]}}