{"id":1547,"date":"2023-11-13T05:32:16","date_gmt":"2023-11-13T05:32:16","guid":{"rendered":"https:\/\/maramou.eu\/?post_type=product&#038;p=1547"},"modified":"2023-11-13T05:33:07","modified_gmt":"2023-11-13T05:33:07","slug":"nussknacker-aus-olivenholz-haselnuss-mandel-und-andere-trockenfruechte","status":"publish","type":"product","link":"https:\/\/maramou.eu\/en\/product\/nussknacker-aus-olivenholz-haselnuss-mandel-und-andere-trockenfruechte\/","title":{"rendered":"Nussknacker aus Olivenholz , Haselnuss, Mandel und andere Trockenfr\u00fcchte"},"content":{"rendered":"<h2>Artikelmerkmale<\/h2>\n<div>Artikelzustand:<\/div>\n<div>Neu: Neuer, unbenutzter und unbesch\u00e4digter Artikel in nicht ge\u00f6ffneter Originalverpackung (soweit eine Verpackung vorhanden ist). Die Verpackung sollte der im Einzelhandel entsprechen. Ausnahme: Der Artikel war urspr\u00fcnglich in einer Nichteinzelhandelsverpackung verpackt, z. B. unbedruckter Karton oder Plastikh\u00fclle. Weitere Einzelheiten im Angebot des Verk\u00e4ufers.<\/div>\n<div>Holzart:\u00a0 \u00a0Olivenholz<\/div>\n<div>Marke:\u00a0 \u00a0 \u00a0Maramou<\/div>\n<h2>Artikelbeschreibung des Verk\u00e4ufers<\/h2>\n<p>Nussknacker, Haselnuss, Mandel und andere Trockenfr\u00fcchte, Walnusscracker aus massivem Naturholz<\/p>\n<p>Nussknacker, Haselnuss, Mandel alle getrockneten N\u00fcsse in Form von Pilzen in Naturholz in Oliven, Buchsbaum, Tanne oder Buche. Treffen Sie Ihre Wahl !!!<br \/>\nExtrem praktisches und robustes Utensil!, Unverzichtbares K\u00fcchenzubeh\u00f6r f\u00fcr alle Trockenfruchtliebhaber.<\/p>","protected":false},"excerpt":{"rendered":"<p>Artikelmerkmale Artikelzustand: Neu: Neuer, unbenutzter und unbesch\u00e4digter Artikel in nicht ge\u00f6ffneter Originalverpackung (soweit eine Verpackung vorhanden ist). Die Verpackung sollte der im Einzelhandel entsprechen. Ausnahme: Der Artikel war urspr\u00fcnglich in einer Nichteinzelhandelsverpackung verpackt, z. B. unbedruckter Karton oder Plastikh\u00fclle. Weitere Einzelheiten im Angebot des Verk\u00e4ufers. Holzart:\u00a0 \u00a0Olivenholz Marke:\u00a0 \u00a0 \u00a0Maramou Artikelbeschreibung des Verk\u00e4ufers Nussknacker, Haselnuss, [&hellip;]<\/p>","protected":false},"featured_media":1549,"comment_status":"open","ping_status":"closed","template":"","meta":[],"product_brand":[],"product_cat":[44],"product_tag":[],"class_list":{"0":"post-1547","1":"product","2":"type-product","3":"status-publish","4":"has-post-thumbnail","6":"product_cat-aus-holz","8":"first","9":"instock","10":"taxable","11":"shipping-taxable","12":"purchasable","13":"product-type-simple"},"_links":{"self":[{"href":"https:\/\/maramou.eu\/en\/wp-json\/wp\/v2\/product\/1547","targetHints":{"allow":["GET"]}}],"collection":[{"href":"https:\/\/maramou.eu\/en\/wp-json\/wp\/v2\/product"}],"about":[{"href":"https:\/\/maramou.eu\/en\/wp-json\/wp\/v2\/types\/product"}],"replies":[{"embeddable":true,"href":"https:\/\/maramou.eu\/en\/wp-json\/wp\/v2\/comments?post=1547"}],"wp:featuredmedia":[{"embeddable":true,"href":"https:\/\/maramou.eu\/en\/wp-json\/wp\/v2\/media\/1549"}],"wp:attachment":[{"href":"https:\/\/maramou.eu\/en\/wp-json\/wp\/v2\/media?parent=1547"}],"wp:term":[{"taxonomy":"product_brand","embeddable":true,"href":"https:\/\/maramou.eu\/en\/wp-json\/wp\/v2\/product_brand?post=1547"},{"taxonomy":"product_cat","embeddable":true,"href":"https:\/\/maramou.eu\/en\/wp-json\/wp\/v2\/product_cat?post=1547"},{"taxonomy":"product_tag","embeddable":true,"href":"https:\/\/maramou.eu\/en\/wp-json\/wp\/v2\/product_tag?post=1547"}],"curies":[{"name":"wp","href":"https:\/\/api.w.org\/{rel}","templated":true}]}}