{"id":1684,"date":"2023-11-21T13:13:00","date_gmt":"2023-11-21T13:13:00","guid":{"rendered":"https:\/\/maramou.eu\/?post_type=product&#038;p=1684"},"modified":"2023-11-22T12:52:06","modified_gmt":"2023-11-22T12:52:06","slug":"olivenholz-6er-rund-schalen-maramou-schoen-maserung","status":"publish","type":"product","link":"https:\/\/maramou.eu\/en\/product\/olivenholz-6er-rund-schalen-maramou-schoen-maserung\/","title":{"rendered":"Olivenholz 6er rund Schalen maramou sch\u00f6n Maserung"},"content":{"rendered":"<h2>Artikelmerkmale<\/h2>\n<div>Artikelzustand:<\/div>\n<div>Neu: Neuer, unbenutzter und unbesch\u00e4digter Artikel in nicht ge\u00f6ffneter Originalverpackung (soweit eine Verpackung vorhanden ist). Die Verpackung sollte der im Einzelhandel entsprechen. Ausnahme: Der Artikel war urspr\u00fcnglich in einer Nichteinzelhandelsverpackung verpackt, z. B. unbedruckter Karton oder Plastikh\u00fclle. Weitere Einzelheiten im Angebot des Verk\u00e4ufers.<\/div>\n<div>Holzart:\u00a0 \u00a0Olivenholz<\/div>\n<div>Marke:\u00a0 \u00a0 \u00a0Maramou<\/div>\n<h2>Artikelbeschreibung des Verk\u00e4ufers<\/h2>\n<p>6er rund Schalen aus Oliven Holz von verschiedene Gro\u00dfe , 4 cm 7 cm 9 cm 11 cm 14 cm 16 cm Durchmesser . Nutzung f\u00fcr Gew\u00fcrze , Dips , Chips oder klein Sauce und Salt<\/p>\n<h2>R\u00fccknahmebedingungen<\/h2>\n<table style=\"height: 61px;\" width=\"296\">\n<thead>\n<tr>\n<th>Frist<\/th>\n<th>R\u00fccksendung<\/th>\n<th>R\u00fccknahmebedingungen im Detail<\/th>\n<\/tr>\n<\/thead>\n<tbody>\n<tr>\n<td>14 Tage<\/td>\n<td>Maramou zahlt R\u00fcckversand<\/td>\n<td>R\u00fccknahme akzeptiert<\/td>\n<\/tr>\n<\/tbody>\n<\/table>\n<div>Maramou tr\u00e4gt die R\u00fccksendekosten.<\/div>","protected":false},"excerpt":{"rendered":"<p>Artikelmerkmale Artikelzustand: Neu: Neuer, unbenutzter und unbesch\u00e4digter Artikel in nicht ge\u00f6ffneter Originalverpackung (soweit eine Verpackung vorhanden ist). Die Verpackung sollte der im Einzelhandel entsprechen. Ausnahme: Der Artikel war urspr\u00fcnglich in einer Nichteinzelhandelsverpackung verpackt, z. B. unbedruckter Karton oder Plastikh\u00fclle. Weitere Einzelheiten im Angebot des Verk\u00e4ufers. Holzart:\u00a0 \u00a0Olivenholz Marke:\u00a0 \u00a0 \u00a0Maramou Artikelbeschreibung des Verk\u00e4ufers 6er rund [&hellip;]<\/p>","protected":false},"featured_media":1690,"comment_status":"open","ping_status":"closed","template":"","meta":[],"product_brand":[],"product_cat":[44],"product_tag":[],"class_list":{"0":"post-1684","1":"product","2":"type-product","3":"status-publish","4":"has-post-thumbnail","6":"product_cat-aus-holz","8":"first","9":"instock","10":"sold-individually","11":"taxable","12":"shipping-taxable","13":"purchasable","14":"product-type-simple"},"_links":{"self":[{"href":"https:\/\/maramou.eu\/en\/wp-json\/wp\/v2\/product\/1684","targetHints":{"allow":["GET"]}}],"collection":[{"href":"https:\/\/maramou.eu\/en\/wp-json\/wp\/v2\/product"}],"about":[{"href":"https:\/\/maramou.eu\/en\/wp-json\/wp\/v2\/types\/product"}],"replies":[{"embeddable":true,"href":"https:\/\/maramou.eu\/en\/wp-json\/wp\/v2\/comments?post=1684"}],"wp:featuredmedia":[{"embeddable":true,"href":"https:\/\/maramou.eu\/en\/wp-json\/wp\/v2\/media\/1690"}],"wp:attachment":[{"href":"https:\/\/maramou.eu\/en\/wp-json\/wp\/v2\/media?parent=1684"}],"wp:term":[{"taxonomy":"product_brand","embeddable":true,"href":"https:\/\/maramou.eu\/en\/wp-json\/wp\/v2\/product_brand?post=1684"},{"taxonomy":"product_cat","embeddable":true,"href":"https:\/\/maramou.eu\/en\/wp-json\/wp\/v2\/product_cat?post=1684"},{"taxonomy":"product_tag","embeddable":true,"href":"https:\/\/maramou.eu\/en\/wp-json\/wp\/v2\/product_tag?post=1684"}],"curies":[{"name":"wp","href":"https:\/\/api.w.org\/{rel}","templated":true}]}}