{"id":1709,"date":"2023-11-22T04:45:36","date_gmt":"2023-11-22T04:45:36","guid":{"rendered":"https:\/\/maramou.eu\/?post_type=product&#038;p=1709"},"modified":"2023-11-23T03:51:51","modified_gmt":"2023-11-23T03:51:51","slug":"maramou-mosaiklampe-grosse-l-handgefertigt-orientalisch","status":"publish","type":"product","link":"https:\/\/maramou.eu\/en\/product\/maramou-mosaiklampe-grosse-l-handgefertigt-orientalisch\/","title":{"rendered":"Maramou Mosaiklampe Gro\u00dfe L Handgefertigt Orientalisch"},"content":{"rendered":"<h2>Artikelmerkmale<\/h2>\n<p>Artikelzustand<br \/>\nNeu: Neuer, unbenutzter und unbesch\u00e4digter Artikel in nicht ge\u00f6ffneter Originalverpackung (soweit eine Verpackung vorhanden ist). Die Verpackung sollte der im Einzelhandel entsprechen. Ausnahme: Der Artikel war urspr\u00fcnglich in einer Nichteinzelhandelsverpackung verpackt, z. B. unbedruckter Karton oder Plastikh\u00fclle. Weitere Einzelheiten im Angebot des Verk\u00e4ufers.<\/p>\n<div>Stil:\u00a0 \u00a0 \u00a0 \u00a0 \u00a0 \u00a0 \u00a0 \u00a0 \u00a0 \u00a0 \u00a0 \u00a0 \u00a0 \u00a0 \u00a0 \u00a0 \u00a0 \u00a0 \u00a0 \u00a0 \u00a0 \u00a0 \u00a0 \u00a0T\u00fcrkisch<\/div>\n<div>Form:\u00a0 \u00a0 \u00a0 \u00a0 \u00a0 \u00a0 \u00a0 \u00a0 \u00a0 \u00a0 \u00a0 \u00a0 \u00a0 \u00a0 \u00a0 \u00a0 \u00a0 \u00a0 \u00a0 \u00a0 \u00a0 \u00a0Kugel<\/div>\n<div>Produktart:\u00a0 \u00a0 \u00a0 \u00a0 \u00a0 \u00a0 \u00a0 \u00a0 \u00a0 \u00a0 \u00a0 \u00a0 \u00a0 \u00a0 \u00a0 \u00a0 \u00a0Mosaik Lampe<\/div>\n<div>Geschwindigkeitsstufen:\u00a0 \u00a0 \u00a0 \u00a0 \u00a01<\/div>\n<div>Gewicht:\u00a0 \u00a0 \u00a0 \u00a0 \u00a0 \u00a0 \u00a0 \u00a0 \u00a0 \u00a0 \u00a0 \u00a0 \u00a0 \u00a0 \u00a0 \u00a0 \u00a0 \u00a0 \u00a0 1kg<\/div>\n<div>Farbe:\u00a0 \u00a0 \u00a0 \u00a0 \u00a0 \u00a0 \u00a0 \u00a0 \u00a0 \u00a0 \u00a0 \u00a0 \u00a0 \u00a0 \u00a0 \u00a0 \u00a0 \u00a0 \u00a0 \u00a0 \u00a0 Gold<\/div>\n<div>Beleuchtungstechnik:\u00a0 \u00a0 \u00a0 \u00a0 \u00a0 \u00a0 \u00a0 LED<\/div>\n<div>Stromquelle:\u00a0 \u00a0 \u00a0 \u00a0 \u00a0 \u00a0 \u00a0 \u00a0 \u00a0 \u00a0 \u00a0 \u00a0 \u00a0 \u00a0 \u00a0 Netzstrom<\/div>\n<div>Steuerungsart:\u00a0 \u00a0 \u00a0 \u00a0 \u00a0 \u00a0 \u00a0 \u00a0 \u00a0 \u00a0 \u00a0 \u00a0 \u00a0 \u00a0Drucktaste, Schalter<\/div>\n<div>Energieeffizienzklasse :\u00a0 \u00a0 \u00a0 \u00a0 \u00a0 \u00a0A+<\/div>\n<div>Marke :\u00a0 \u00a0 \u00a0 \u00a0 \u00a0 \u00a0 \u00a0 \u00a0 \u00a0 \u00a0 \u00a0 \u00a0 \u00a0 \u00a0 \u00a0 \u00a0 \u00a0 \u00a0 \u00a0 \u00a0 Maramou<\/div>\n<div>Spannung:\u00a0 \u00a0 \u00a0 \u00a0 \u00a0 \u00a0 \u00a0 \u00a0 \u00a0 \u00a0 \u00a0 \u00a0 \u00a0 \u00a0 \u00a0 \u00a0 \u00a0 220V<\/div>\n<div>Sensorart:\u00a0 \u00a0 \u00a0 \u00a0 \u00a0 \u00a0 \u00a0 \u00a0 \u00a0 \u00a0 \u00a0 \u00a0 \u00a0 \u00a0 \u00a0 \u00a0 \u00a0 \u00a0Licht<\/div>\n<div>Lichtfarbe:\u00a0 \u00a0 \u00a0 \u00a0 \u00a0 \u00a0 \u00a0 \u00a0 \u00a0 \u00a0 \u00a0 \u00a0 \u00a0 \u00a0 \u00a0 \u00a0 \u00a0Gold<\/div>\n<div>Gl\u00fchbirnensockel:\u00a0 \u00a0 \u00a0 \u00a0 \u00a0 \u00a0 \u00a0 \u00a0 \u00a0 \u00a0 E14<\/div>\n<div>Kabelfarbe:\u00a0 \u00a0 \u00a0 \u00a0 \u00a0 \u00a0 \u00a0 \u00a0 \u00a0 \u00a0 \u00a0 \u00a0 \u00a0 \u00a0 \u00a0 \u00a0 Braun<\/div>\n<div>Anzahl der Einstellungen:\u00a0 \u00a0 \u00a0 1<\/div>\n<div>Material:\u00a0 \u00a0 \u00a0 \u00a0 \u00a0 \u00a0 \u00a0 \u00a0 \u00a0 \u00a0 \u00a0 \u00a0 \u00a0 \u00a0 \u00a0 \u00a0 \u00a0 \u00a0 Glas<\/div>\n<div>H\u00f6he:\u00a0 \u00a0 \u00a0 \u00a0 \u00a0 \u00a0 \u00a0 \u00a0 \u00a0 \u00a0 \u00a0 \u00a0 \u00a0 \u00a0 \u00a0 \u00a0 \u00a0 \u00a0 \u00a0 \u00a0 \u00a030cm<\/div>\n<div>Herstellernummer:\u00a0 \u00a0 \u00a0 \u00a0 \u00a0 \u00a0 \u00a0 \u00a0 \u00a0nicht zutreffend<\/div>\n<div>Zimmer:\u00a0 \u00a0 \u00a0 \u00a0 \u00a0 \u00a0 \u00a0 \u00a0 \u00a0 \u00a0 \u00a0 \u00a0 \u00a0 \u00a0 \u00a0 \u00a0 \u00a0 \u00a0 \u00a0Drinnen\/Drau\u00dfen, Foyer, Terrasse, Wohnzimmer, Flur\/Diele<\/div>\n<div>Besonderheiten:\u00a0 \u00a0 \u00a0 \u00a0 \u00a0 \u00a0 \u00a0 \u00a0 \u00a0 \u00a0 \u00a0 \u00a0Strombetrieben, Handgemacht<\/div>\n<h2>Artikelbeschreibung des Verk\u00e4ufers<\/h2>\n<p>Mosaiklampe Gro\u00dfe L Handgefertigt Orientalisch Mosaik Glass.<\/p>\n<h2>R\u00fccknahmebedingungen<\/h2>\n<table style=\"height: 61px;\" width=\"296\">\n<thead>\n<tr>\n<th>Frist<\/th>\n<th>R\u00fccksendung<\/th>\n<th>R\u00fccknahmebedingungen im Detail<\/th>\n<\/tr>\n<\/thead>\n<tbody>\n<tr>\n<td>14 Tage<\/td>\n<td>Maramou zahlt R\u00fcckversand<\/td>\n<td>R\u00fccknahme akzeptiert<\/td>\n<\/tr>\n<\/tbody>\n<\/table>\n<div>Maramou tr\u00e4gt die R\u00fccksendekosten.<\/div>","protected":false},"excerpt":{"rendered":"<p>Artikelmerkmale Artikelzustand Neu: Neuer, unbenutzter und unbesch\u00e4digter Artikel in nicht ge\u00f6ffneter Originalverpackung (soweit eine Verpackung vorhanden ist). Die Verpackung sollte der im Einzelhandel entsprechen. Ausnahme: Der Artikel war urspr\u00fcnglich in einer Nichteinzelhandelsverpackung verpackt, z. B. unbedruckter Karton oder Plastikh\u00fclle. Weitere Einzelheiten im Angebot des Verk\u00e4ufers. Stil:\u00a0 \u00a0 \u00a0 \u00a0 \u00a0 \u00a0 \u00a0 \u00a0 \u00a0 \u00a0 [&hellip;]<\/p>","protected":false},"featured_media":1710,"comment_status":"open","ping_status":"closed","template":"","meta":[],"product_brand":[],"product_cat":[49],"product_tag":[],"class_list":{"0":"post-1709","1":"product","2":"type-product","3":"status-publish","4":"has-post-thumbnail","6":"product_cat-lampen","8":"first","9":"instock","10":"featured","11":"taxable","12":"shipping-taxable","13":"purchasable","14":"product-type-simple"},"_links":{"self":[{"href":"https:\/\/maramou.eu\/en\/wp-json\/wp\/v2\/product\/1709","targetHints":{"allow":["GET"]}}],"collection":[{"href":"https:\/\/maramou.eu\/en\/wp-json\/wp\/v2\/product"}],"about":[{"href":"https:\/\/maramou.eu\/en\/wp-json\/wp\/v2\/types\/product"}],"replies":[{"embeddable":true,"href":"https:\/\/maramou.eu\/en\/wp-json\/wp\/v2\/comments?post=1709"}],"wp:featuredmedia":[{"embeddable":true,"href":"https:\/\/maramou.eu\/en\/wp-json\/wp\/v2\/media\/1710"}],"wp:attachment":[{"href":"https:\/\/maramou.eu\/en\/wp-json\/wp\/v2\/media?parent=1709"}],"wp:term":[{"taxonomy":"product_brand","embeddable":true,"href":"https:\/\/maramou.eu\/en\/wp-json\/wp\/v2\/product_brand?post=1709"},{"taxonomy":"product_cat","embeddable":true,"href":"https:\/\/maramou.eu\/en\/wp-json\/wp\/v2\/product_cat?post=1709"},{"taxonomy":"product_tag","embeddable":true,"href":"https:\/\/maramou.eu\/en\/wp-json\/wp\/v2\/product_tag?post=1709"}],"curies":[{"name":"wp","href":"https:\/\/api.w.org\/{rel}","templated":true}]}}