{"id":1772,"date":"2023-11-23T01:34:22","date_gmt":"2023-11-23T01:34:22","guid":{"rendered":"https:\/\/maramou.eu\/?post_type=product&#038;p=1772"},"modified":"2023-11-23T03:53:54","modified_gmt":"2023-11-23T03:53:54","slug":"zwei-salat-schuessel-12-cm-aus-olivenholz","status":"publish","type":"product","link":"https:\/\/maramou.eu\/en\/product\/zwei-salat-schuessel-12-cm-aus-olivenholz\/","title":{"rendered":"Zwei Salat Sch\u00fcssel 12 cm aus Olivenholz"},"content":{"rendered":"<h2>Artikelmerkmale<\/h2>\n<div>Artikelzustand:<\/div>\n<div>Neu: Neuer, unbenutzter und unbesch\u00e4digter Artikel in nicht ge\u00f6ffneter Originalverpackung (soweit eine Verpackung vorhanden ist). Die Verpackung sollte der im Einzelhandel entsprechen. Ausnahme: Der Artikel war urspr\u00fcnglich in einer Nichteinzelhandelsverpackung verpackt, z. B. unbedruckter Karton oder Plastikh\u00fclle. Weitere Einzelheiten im Angebot des Verk\u00e4ufers.<\/div>\n<div>Modifizierter Artikel:\u00a0 Nein<\/div>\n<div>Marke:\u00a0 \u00a0 \u00a0 \u00a0 \u00a0 \u00a0 \u00a0 \u00a0 \u00a0 \u00a0 \u00a0 \u00a0 \u00a0 \u00a0 Maramou<\/div>\n<div>Holzart:\u00a0 \u00a0 \u00a0 \u00a0 \u00a0 \u00a0 \u00a0 \u00a0 \u00a0 \u00a0 \u00a0 \u00a0 \u00a0 Olivenholz<\/div>\n<div>Angebotspaket:\u00a0 \u00a0 \u00a0 \u00a0 \u00a0 \u00a0 \u00a0Nein<\/div>\n<div>EAN:\u00a0 \u00a0 \u00a0 \u00a0 \u00a0 \u00a0 \u00a0 \u00a0 \u00a0 \u00a0 \u00a0 \u00a0 \u00a0 \u00a0 \u00a0 \u00a0 Nicht zutreffend<\/div>\n<h2>Artikelbeschreibung des Verk\u00e4ufers<\/h2>\n<p>Erste Qualit\u00e4t Handgemacht\u00a0 12 cm Olivenholz Bohlen<\/p>\n<h2>R\u00fccknahmebedingungen<\/h2>\n<table style=\"height: 61px;\" width=\"296\">\n<thead>\n<tr>\n<th>Frist<\/th>\n<th>R\u00fccksendung<\/th>\n<th>R\u00fccknahmebedingungen im Detail<\/th>\n<\/tr>\n<\/thead>\n<tbody>\n<tr>\n<td>14 Tage<\/td>\n<td>Maramou zahlt R\u00fcckversand<\/td>\n<td>R\u00fccknahme akzeptiert<\/td>\n<\/tr>\n<\/tbody>\n<\/table>\n<div>Maramou tr\u00e4gt die R\u00fccksendekosten.<\/div>","protected":false},"excerpt":{"rendered":"<p>Artikelmerkmale Artikelzustand: Neu: Neuer, unbenutzter und unbesch\u00e4digter Artikel in nicht ge\u00f6ffneter Originalverpackung (soweit eine Verpackung vorhanden ist). Die Verpackung sollte der im Einzelhandel entsprechen. Ausnahme: Der Artikel war urspr\u00fcnglich in einer Nichteinzelhandelsverpackung verpackt, z. B. unbedruckter Karton oder Plastikh\u00fclle. Weitere Einzelheiten im Angebot des Verk\u00e4ufers. Modifizierter Artikel:\u00a0 Nein Marke:\u00a0 \u00a0 \u00a0 \u00a0 \u00a0 \u00a0 \u00a0 [&hellip;]<\/p>","protected":false},"featured_media":1741,"comment_status":"open","ping_status":"closed","template":"","meta":[],"product_brand":[],"product_cat":[44],"product_tag":[],"class_list":{"0":"post-1772","1":"product","2":"type-product","3":"status-publish","4":"has-post-thumbnail","6":"product_cat-aus-holz","8":"first","9":"instock","10":"featured","11":"taxable","12":"shipping-taxable","13":"purchasable","14":"product-type-simple"},"_links":{"self":[{"href":"https:\/\/maramou.eu\/en\/wp-json\/wp\/v2\/product\/1772","targetHints":{"allow":["GET"]}}],"collection":[{"href":"https:\/\/maramou.eu\/en\/wp-json\/wp\/v2\/product"}],"about":[{"href":"https:\/\/maramou.eu\/en\/wp-json\/wp\/v2\/types\/product"}],"replies":[{"embeddable":true,"href":"https:\/\/maramou.eu\/en\/wp-json\/wp\/v2\/comments?post=1772"}],"wp:featuredmedia":[{"embeddable":true,"href":"https:\/\/maramou.eu\/en\/wp-json\/wp\/v2\/media\/1741"}],"wp:attachment":[{"href":"https:\/\/maramou.eu\/en\/wp-json\/wp\/v2\/media?parent=1772"}],"wp:term":[{"taxonomy":"product_brand","embeddable":true,"href":"https:\/\/maramou.eu\/en\/wp-json\/wp\/v2\/product_brand?post=1772"},{"taxonomy":"product_cat","embeddable":true,"href":"https:\/\/maramou.eu\/en\/wp-json\/wp\/v2\/product_cat?post=1772"},{"taxonomy":"product_tag","embeddable":true,"href":"https:\/\/maramou.eu\/en\/wp-json\/wp\/v2\/product_tag?post=1772"}],"curies":[{"name":"wp","href":"https:\/\/api.w.org\/{rel}","templated":true}]}}